{"id":146,"date":"2021-11-03T22:28:05","date_gmt":"2021-11-03T22:28:05","guid":{"rendered":"https:\/\/startertemplatecloud.com\/g20\/?page_id=146"},"modified":"2026-01-31T13:58:26","modified_gmt":"2026-01-31T12:58:26","slug":"kolegiji","status":"publish","type":"page","link":"https:\/\/www.decareu.com\/en\/kolegiji\/","title":{"rendered":"Courses"},"content":{"rendered":"<style>.kb-row-layout-id146_1fe438-05 > .kt-row-column-wrap{align-content:start;}:where(.kb-row-layout-id146_1fe438-05 > .kt-row-column-wrap) > .wp-block-kadence-column{justify-content:start;}.kb-row-layout-id146_1fe438-05 > .kt-row-column-wrap{column-gap:var(--global-kb-gap-md, 2rem);row-gap:var(--global-kb-gap-md, 2rem);max-width:var( --global-content-width, 1290px );padding-left:var(--global-content-edge-padding);padding-right:var(--global-content-edge-padding);padding-top:150px;padding-bottom:60px;grid-template-columns:minmax(0, 1fr);}.kb-row-layout-id146_1fe438-05{background-image:url('https:\/\/www.decareu.com\/wp-content\/uploads\/2021\/11\/dot-grid.jpg');background-size:auto;background-position:center center;background-attachment:scroll;background-repeat:repeat;}.kb-row-layout-id146_1fe438-05 > .kt-row-layout-overlay{opacity:1;background:linear-gradient(112deg, var(--global-palette1) 0%, var(--global-palette2) 100%);mix-blend-mode:multiply;}@media all and (max-width: 1024px){.kb-row-layout-id146_1fe438-05 > .kt-row-column-wrap{grid-template-columns:minmax(0, 1fr);}}@media all and (max-width: 767px){.kb-row-layout-id146_1fe438-05 > .kt-row-column-wrap{padding-top:var(--global-kb-spacing-lg, 3rem);grid-template-columns:minmax(0, 1fr);}}<\/style><div class=\"kb-row-layout-wrap kb-row-layout-id146_1fe438-05 alignnone kt-row-has-bg wp-block-kadence-rowlayout\"><div class=\"kt-row-layout-overlay kt-row-overlay-gradient\"><\/div><div class=\"kt-row-column-wrap kt-has-1-columns kt-row-layout-equal kt-tab-layout-inherit kt-mobile-layout-row kt-row-valign-top kb-theme-content-width\">\n<style>.kadence-column146_527e0a-83 > .kt-inside-inner-col,.kadence-column146_527e0a-83 > .kt-inside-inner-col:before{border-top-left-radius:0px;border-top-right-radius:0px;border-bottom-right-radius:0px;border-bottom-left-radius:0px;}.kadence-column146_527e0a-83 > .kt-inside-inner-col{column-gap:var(--global-kb-gap-sm, 1rem);}.kadence-column146_527e0a-83 > .kt-inside-inner-col{flex-direction:column;}.kadence-column146_527e0a-83 > .kt-inside-inner-col > .aligncenter{width:100%;}.kadence-column146_527e0a-83 > .kt-inside-inner-col:before{opacity:0.3;}.kadence-column146_527e0a-83{position:relative;}@media all and (max-width: 1024px){.kadence-column146_527e0a-83 > .kt-inside-inner-col{flex-direction:column;justify-content:center;}}@media all and (max-width: 767px){.kadence-column146_527e0a-83 > .kt-inside-inner-col{flex-direction:column;justify-content:center;}}<\/style>\n<div class=\"wp-block-kadence-column kadence-column146_527e0a-83 inner-column-1\"><div class=\"kt-inside-inner-col\"><style>.wp-block-kadence-advancedheading.kt-adv-heading146_7fe997-05, .wp-block-kadence-advancedheading.kt-adv-heading146_7fe997-05[data-kb-block=\"kb-adv-heading146_7fe997-05\"]{text-align:left;font-style:normal;text-transform:uppercase;}.wp-block-kadence-advancedheading.kt-adv-heading146_7fe997-05 mark.kt-highlight, .wp-block-kadence-advancedheading.kt-adv-heading146_7fe997-05[data-kb-block=\"kb-adv-heading146_7fe997-05\"] mark.kt-highlight{font-style:normal;color:#f76a0c;-webkit-box-decoration-break:clone;box-decoration-break:clone;padding-top:0px;padding-right:0px;padding-bottom:0px;padding-left:0px;}.wp-block-kadence-advancedheading.kt-adv-heading146_7fe997-05 img.kb-inline-image, .wp-block-kadence-advancedheading.kt-adv-heading146_7fe997-05[data-kb-block=\"kb-adv-heading146_7fe997-05\"] img.kb-inline-image{width:150px;vertical-align:baseline;}<\/style>\n<h2 class=\"kt-adv-heading146_7fe997-05 wp-block-kadence-advancedheading has-theme-palette-9-color has-text-color\" data-kb-block=\"kb-adv-heading146_7fe997-05\">KOLEGIJI<\/h2>\n\n\n<style>.wp-block-kadence-advancedheading.kt-adv-heading146_6e2640-db, .wp-block-kadence-advancedheading.kt-adv-heading146_6e2640-db[data-kb-block=\"kb-adv-heading146_6e2640-db\"]{font-style:normal;}.wp-block-kadence-advancedheading.kt-adv-heading146_6e2640-db mark.kt-highlight, .wp-block-kadence-advancedheading.kt-adv-heading146_6e2640-db[data-kb-block=\"kb-adv-heading146_6e2640-db\"] mark.kt-highlight{font-style:normal;color:#f76a0c;-webkit-box-decoration-break:clone;box-decoration-break:clone;padding-top:0px;padding-right:0px;padding-bottom:0px;padding-left:0px;}.wp-block-kadence-advancedheading.kt-adv-heading146_6e2640-db img.kb-inline-image, .wp-block-kadence-advancedheading.kt-adv-heading146_6e2640-db[data-kb-block=\"kb-adv-heading146_6e2640-db\"] img.kb-inline-image{width:150px;vertical-align:baseline;}<\/style>\n<p class=\"kt-adv-heading146_6e2640-db wp-block-kadence-advancedheading has-theme-palette-9-color has-text-color\" data-kb-block=\"kb-adv-heading146_6e2640-db\">Pregled svih kolegija obuhva\u0107enih DECAR-EU projektom <br><\/p>\n<\/div><\/div>\n\n<\/div><\/div>\n\n<style>.kb-row-layout-id146_8f6cea-f7 > .kt-row-column-wrap{align-content:start;}:where(.kb-row-layout-id146_8f6cea-f7 > .kt-row-column-wrap) > .wp-block-kadence-column{justify-content:start;}.kb-row-layout-id146_8f6cea-f7 > .kt-row-column-wrap{column-gap:var(--global-kb-gap-md, 2rem);row-gap:var(--global-kb-gap-md, 2rem);max-width:var( --global-content-width, 1290px );padding-left:var(--global-content-edge-padding);padding-right:var(--global-content-edge-padding);padding-top:40px;padding-bottom:25px;grid-template-columns:minmax(0, 1fr);}.kb-row-layout-id146_8f6cea-f7 > .kt-row-layout-overlay{opacity:0.30;}@media all and (max-width: 1024px){.kb-row-layout-id146_8f6cea-f7 > .kt-row-column-wrap{grid-template-columns:minmax(0, 1fr);}}@media all and (max-width: 767px){.kb-row-layout-id146_8f6cea-f7 > .kt-row-column-wrap{grid-template-columns:minmax(0, 1fr);}}<\/style><div class=\"kb-row-layout-wrap kb-row-layout-id146_8f6cea-f7 alignnone wp-block-kadence-rowlayout\"><div class=\"kt-row-column-wrap kt-has-1-columns kt-row-layout-equal kt-tab-layout-inherit kt-mobile-layout-row kt-row-valign-top kb-theme-content-width\">\n<style>.kadence-column146_b8bd0b-84 > .kt-inside-inner-col,.kadence-column146_b8bd0b-84 > .kt-inside-inner-col:before{border-top-left-radius:0px;border-top-right-radius:0px;border-bottom-right-radius:0px;border-bottom-left-radius:0px;}.kadence-column146_b8bd0b-84 > .kt-inside-inner-col{column-gap:var(--global-kb-gap-sm, 1rem);}.kadence-column146_b8bd0b-84 > .kt-inside-inner-col{flex-direction:column;}.kadence-column146_b8bd0b-84 > .kt-inside-inner-col > .aligncenter{width:100%;}.kadence-column146_b8bd0b-84 > .kt-inside-inner-col:before{opacity:0.3;}.kadence-column146_b8bd0b-84{position:relative;}@media all and (max-width: 1024px){.kadence-column146_b8bd0b-84 > .kt-inside-inner-col{flex-direction:column;justify-content:center;}}@media all and (max-width: 767px){.kadence-column146_b8bd0b-84 > .kt-inside-inner-col{flex-direction:column;justify-content:center;}}<\/style>\n<div class=\"wp-block-kadence-column kadence-column146_b8bd0b-84 inner-column-1\"><div class=\"kt-inside-inner-col\"><style>.kb-row-layout-wrap.wp-block-kadence-rowlayout.kb-row-layout-id146_ce462d-6b{margin-bottom:35px;}.kb-row-layout-id146_ce462d-6b > .kt-row-column-wrap{align-content:center;}:where(.kb-row-layout-id146_ce462d-6b > .kt-row-column-wrap) > .wp-block-kadence-column{justify-content:center;}.kb-row-layout-id146_ce462d-6b > .kt-row-column-wrap{column-gap:80px;row-gap:var(--global-kb-gap-md, 2rem);padding-top:40px;padding-bottom:65px;grid-template-columns:repeat(2, minmax(0, 1fr));}.kb-row-layout-id146_ce462d-6b{border-bottom:1px solid var(--global-palette6, #718096);}.kb-row-layout-id146_ce462d-6b > .kt-row-layout-overlay{opacity:0.30;}@media all and (max-width: 1024px){.kb-row-layout-id146_ce462d-6b > .kt-row-column-wrap{grid-template-columns:repeat(2, minmax(0, 1fr));}}@media all and (max-width: 1024px){.kb-row-layout-id146_ce462d-6b{border-bottom:1px solid var(--global-palette6, #718096);}}@media all and (max-width: 767px){.kb-row-layout-id146_ce462d-6b > .kt-row-column-wrap{grid-template-columns:minmax(0, 1fr);}.kb-row-layout-id146_ce462d-6b{border-bottom:1px solid var(--global-palette6, #718096);}}<\/style><div class=\"kb-row-layout-wrap kb-row-layout-id146_ce462d-6b alignnone wp-block-kadence-rowlayout\"><div class=\"kt-row-column-wrap kt-has-2-columns kt-row-layout-equal kt-tab-layout-inherit kt-mobile-layout-row kt-row-valign-middle kt-inner-column-height-full\">\n<style>.kadence-column146_a67dc4-db > .kt-inside-inner-col,.kadence-column146_a67dc4-db > .kt-inside-inner-col:before{border-top-left-radius:0px;border-top-right-radius:0px;border-bottom-right-radius:0px;border-bottom-left-radius:0px;}.kadence-column146_a67dc4-db > .kt-inside-inner-col{column-gap:var(--global-kb-gap-sm, 1rem);}.kadence-column146_a67dc4-db > .kt-inside-inner-col{flex-direction:column;}.kadence-column146_a67dc4-db > .kt-inside-inner-col > .aligncenter{width:100%;}.kadence-column146_a67dc4-db > .kt-inside-inner-col:before{opacity:0.3;}.kadence-column146_a67dc4-db{position:relative;}@media all and (max-width: 1024px){.kadence-column146_a67dc4-db > .kt-inside-inner-col{flex-direction:column;justify-content:center;}}@media all and (max-width: 767px){.kadence-column146_a67dc4-db > .kt-inside-inner-col{flex-direction:column;justify-content:center;}}<\/style>\n<div class=\"wp-block-kadence-column kadence-column146_a67dc4-db inner-column-1\"><div class=\"kt-inside-inner-col\"><style>.wp-block-kadence-advancedheading.kt-adv-heading146_d0f7ea-4e, .wp-block-kadence-advancedheading.kt-adv-heading146_d0f7ea-4e[data-kb-block=\"kb-adv-heading146_d0f7ea-4e\"]{font-size:3em;font-style:normal;}.wp-block-kadence-advancedheading.kt-adv-heading146_d0f7ea-4e mark.kt-highlight, .wp-block-kadence-advancedheading.kt-adv-heading146_d0f7ea-4e[data-kb-block=\"kb-adv-heading146_d0f7ea-4e\"] mark.kt-highlight{font-style:normal;color:#f76a0c;-webkit-box-decoration-break:clone;box-decoration-break:clone;padding-top:0px;padding-right:0px;padding-bottom:0px;padding-left:0px;}.wp-block-kadence-advancedheading.kt-adv-heading146_d0f7ea-4e img.kb-inline-image, .wp-block-kadence-advancedheading.kt-adv-heading146_d0f7ea-4e[data-kb-block=\"kb-adv-heading146_d0f7ea-4e\"] img.kb-inline-image{width:150px;vertical-align:baseline;}@media all and (max-width: 767px){.wp-block-kadence-advancedheading.kt-adv-heading146_d0f7ea-4e, .wp-block-kadence-advancedheading.kt-adv-heading146_d0f7ea-4e[data-kb-block=\"kb-adv-heading146_d0f7ea-4e\"]{font-size:var(--global-kb-font-size-xl, 3rem);}}<\/style>\n<h2 class=\"kt-adv-heading146_d0f7ea-4e wp-block-kadence-advancedheading\" data-kb-block=\"kb-adv-heading146_d0f7ea-4e\">Modul DECAR-EU povezuje akademska istra\u017eivanja, politi\u010dki dijalog i razvoj prakti\u010dnih vje\u0161tina<\/h2>\n\n\n\n<p class=\"has-theme-palette-6-color has-text-color\" style=\"font-size:20px\">Tri specijalizirana kolegija koja integriraju digitalne materijale s otvorenim pristupom, studije slu\u010daja, simulacije i regulatorne okvire, te uklju\u010duju pravne stru\u010dnjake s radnim iskustvom u institucijama EU i forenzi\u010dke financijske stru\u010dnjake kako bi se osiguralo da prakti\u010dni, stvarni uvidi nadopunjuju akademsko znanje.<\/p>\n<\/div><\/div>\n\n\n<style>.kadence-column146_53ecda-a9 > .kt-inside-inner-col,.kadence-column146_53ecda-a9 > .kt-inside-inner-col:before{border-top-left-radius:0px;border-top-right-radius:0px;border-bottom-right-radius:0px;border-bottom-left-radius:0px;}.kadence-column146_53ecda-a9 > .kt-inside-inner-col{column-gap:var(--global-kb-gap-sm, 1rem);}.kadence-column146_53ecda-a9 > .kt-inside-inner-col{flex-direction:column;}.kadence-column146_53ecda-a9 > .kt-inside-inner-col > .aligncenter{width:100%;}.kadence-column146_53ecda-a9 > .kt-inside-inner-col{background-image:url('https:\/\/www.decareu.com\/wp-content\/uploads\/2021\/11\/mkt-2-min-scaled-e1635887607470.jpeg');background-size:cover;background-position:center center;background-attachment:scroll;background-repeat:no-repeat;}.kadence-column146_53ecda-a9 > .kt-inside-inner-col:before{opacity:0.3;}.kadence-column146_53ecda-a9{position:relative;}@media all and (max-width: 1024px){.kadence-column146_53ecda-a9 > .kt-inside-inner-col{flex-direction:column;justify-content:center;}}@media all and (max-width: 767px){.kadence-column146_53ecda-a9 > .kt-inside-inner-col{padding-bottom:300px;flex-direction:column;justify-content:center;}}<\/style>\n<div class=\"wp-block-kadence-column kadence-column146_53ecda-a9 inner-column-2\"><div class=\"kt-inside-inner-col\"><\/div><\/div>\n\n<\/div><\/div>\n\n<style>.kb-row-layout-id146_eba784-6c > .kt-row-column-wrap{align-content:start;}:where(.kb-row-layout-id146_eba784-6c > .kt-row-column-wrap) > .wp-block-kadence-column{justify-content:start;}.kb-row-layout-id146_eba784-6c > .kt-row-column-wrap{column-gap:var(--global-kb-gap-md, 2rem);row-gap:var(--global-kb-gap-md, 2rem);padding-top:25px;padding-bottom:80px;}.kb-row-layout-id146_eba784-6c > .kt-row-column-wrap > div:not(.added-for-specificity){grid-column:initial;}.kb-row-layout-id146_eba784-6c > .kt-row-column-wrap{grid-template-columns:repeat(3, minmax(0, 1fr));}.kb-row-layout-id146_eba784-6c > .kt-row-layout-overlay{opacity:0.30;}@media all and (max-width: 1024px){.kb-row-layout-id146_eba784-6c > .kt-row-column-wrap > div:not(.added-for-specificity){grid-column:initial;}}@media all and (max-width: 1024px){.kb-row-layout-id146_eba784-6c > .kt-row-column-wrap{grid-template-columns:repeat(3, minmax(0, 1fr));}}@media all and (max-width: 767px){.kb-row-layout-id146_eba784-6c > .kt-row-column-wrap > div:not(.added-for-specificity){grid-column:initial;}.kb-row-layout-id146_eba784-6c > .kt-row-column-wrap{grid-template-columns:minmax(0, 1fr);}}<\/style><div class=\"kb-row-layout-wrap kb-row-layout-id146_eba784-6c alignnone wp-block-kadence-rowlayout\"><div class=\"kt-row-column-wrap kt-has-3-columns kt-row-layout-equal kt-tab-layout-inherit kt-mobile-layout-row kt-row-valign-top kt-inner-column-height-full\">\n<style>.kadence-column146_21d2d3-c7 > .kt-inside-inner-col{padding-top:30px;padding-right:30px;padding-bottom:30px;padding-left:30px;}.kadence-column146_21d2d3-c7 > .kt-inside-inner-col,.kadence-column146_21d2d3-c7 > .kt-inside-inner-col:before{border-top-left-radius:0px;border-top-right-radius:0px;border-bottom-right-radius:0px;border-bottom-left-radius:0px;}.kadence-column146_21d2d3-c7 > .kt-inside-inner-col{column-gap:var(--global-kb-gap-sm, 1rem);}.kadence-column146_21d2d3-c7 > .kt-inside-inner-col{flex-direction:column;}.kadence-column146_21d2d3-c7 > .kt-inside-inner-col > .aligncenter{width:100%;}.kadence-column146_21d2d3-c7 > .kt-inside-inner-col:before{opacity:0.3;}.kadence-column146_21d2d3-c7:hover > .kt-inside-inner-col:before{background-color:var(--global-palette1, #3182CE);background-image:none;}.kadence-column146_21d2d3-c7{position:relative;}@media all and (max-width: 1024px){.kadence-column146_21d2d3-c7 > .kt-inside-inner-col{flex-direction:column;justify-content:center;}}@media all and (max-width: 767px){.kadence-column146_21d2d3-c7 > .kt-inside-inner-col{flex-direction:column;justify-content:center;}}<\/style>\n<div class=\"wp-block-kadence-column kadence-column146_21d2d3-c7 kb-section-has-link kb-section-has-overlay inner-column-1\"><div class=\"kt-inside-inner-col\"><style>.wp-block-kadence-advancedheading.kt-adv-heading146_3640c8-21, .wp-block-kadence-advancedheading.kt-adv-heading146_3640c8-21[data-kb-block=\"kb-adv-heading146_3640c8-21\"]{margin-bottom:20px;font-size:1.2em;font-style:normal;text-transform:uppercase;}.wp-block-kadence-advancedheading.kt-adv-heading146_3640c8-21 mark.kt-highlight, .wp-block-kadence-advancedheading.kt-adv-heading146_3640c8-21[data-kb-block=\"kb-adv-heading146_3640c8-21\"] mark.kt-highlight{font-style:normal;color:#f76a0c;-webkit-box-decoration-break:clone;box-decoration-break:clone;padding-top:0px;padding-right:0px;padding-bottom:0px;padding-left:0px;}.wp-block-kadence-advancedheading.kt-adv-heading146_3640c8-21 img.kb-inline-image, .wp-block-kadence-advancedheading.kt-adv-heading146_3640c8-21[data-kb-block=\"kb-adv-heading146_3640c8-21\"] img.kb-inline-image{width:150px;vertical-align:baseline;}<\/style>\n<h3 class=\"kt-adv-heading146_3640c8-21 wp-block-kadence-advancedheading has-theme-palette-2-color has-text-color\" data-kb-block=\"kb-adv-heading146_3640c8-21\">Europsko trgova\u010dko i platno pravo<\/h3>\n\n\n\n<p class=\"has-theme-palette-6-color has-text-color\">Obuhva\u0107a PSD2\/PSD3, EU financijske institucije i ugovorno pravo.<\/p>\n<\/div><a href=\"https:\/\/www.decareu.com\/europsko-platno-i-trgovacko-pravo\/\" class=\"kb-section-link-overlay\"><\/a><\/div>\n\n\n<style>.kadence-column146_a93775-80 > .kt-inside-inner-col{padding-top:30px;padding-right:30px;padding-bottom:30px;padding-left:30px;}.kadence-column146_a93775-80 > .kt-inside-inner-col,.kadence-column146_a93775-80 > .kt-inside-inner-col:before{border-top-left-radius:0px;border-top-right-radius:0px;border-bottom-right-radius:0px;border-bottom-left-radius:0px;}.kadence-column146_a93775-80 > .kt-inside-inner-col{column-gap:var(--global-kb-gap-sm, 1rem);}.kadence-column146_a93775-80 > .kt-inside-inner-col{flex-direction:column;}.kadence-column146_a93775-80 > .kt-inside-inner-col > .aligncenter{width:100%;}.kadence-column146_a93775-80 > .kt-inside-inner-col:before{opacity:0.3;}.kadence-column146_a93775-80:hover > .kt-inside-inner-col:before{background-color:var(--global-palette1, #3182CE);background-image:none;}.kadence-column146_a93775-80{position:relative;}@media all and (max-width: 1024px){.kadence-column146_a93775-80 > .kt-inside-inner-col{flex-direction:column;justify-content:center;}}@media all and (max-width: 767px){.kadence-column146_a93775-80 > .kt-inside-inner-col{flex-direction:column;justify-content:center;}}<\/style>\n<div class=\"wp-block-kadence-column kadence-column146_a93775-80 kb-section-has-link kb-section-has-overlay inner-column-1\"><div class=\"kt-inside-inner-col\"><style>.wp-block-kadence-advancedheading.kt-adv-heading146_4d05a2-52, .wp-block-kadence-advancedheading.kt-adv-heading146_4d05a2-52[data-kb-block=\"kb-adv-heading146_4d05a2-52\"]{margin-bottom:20px;font-size:1.2em;font-style:normal;text-transform:uppercase;}.wp-block-kadence-advancedheading.kt-adv-heading146_4d05a2-52 mark.kt-highlight, .wp-block-kadence-advancedheading.kt-adv-heading146_4d05a2-52[data-kb-block=\"kb-adv-heading146_4d05a2-52\"] mark.kt-highlight{font-style:normal;color:#f76a0c;-webkit-box-decoration-break:clone;box-decoration-break:clone;padding-top:0px;padding-right:0px;padding-bottom:0px;padding-left:0px;}.wp-block-kadence-advancedheading.kt-adv-heading146_4d05a2-52 img.kb-inline-image, .wp-block-kadence-advancedheading.kt-adv-heading146_4d05a2-52[data-kb-block=\"kb-adv-heading146_4d05a2-52\"] img.kb-inline-image{width:150px;vertical-align:baseline;}<\/style>\n<h3 class=\"kt-adv-heading146_4d05a2-52 wp-block-kadence-advancedheading has-theme-palette-1-color has-text-color\" data-kb-block=\"kb-adv-heading146_4d05a2-52\">Pravo i ra\u010dunalni kriminalitet<\/h3>\n\n\n\n<p class=\"has-theme-palette-6-color has-text-color\">Analiza MiCA-e, AML-a, poreza i uloge ECB-a<\/p>\n<\/div><a href=\"https:\/\/www.decareu.com\/pravo-i-racunalni-kriminalitet\/\" class=\"kb-section-link-overlay\"><\/a><\/div>\n\n\n<style>.kadence-column146_454537-2f > .kt-inside-inner-col{padding-top:30px;padding-right:30px;padding-bottom:30px;padding-left:30px;}.kadence-column146_454537-2f > .kt-inside-inner-col,.kadence-column146_454537-2f > .kt-inside-inner-col:before{border-top-left-radius:0px;border-top-right-radius:0px;border-bottom-right-radius:0px;border-bottom-left-radius:0px;}.kadence-column146_454537-2f > .kt-inside-inner-col{column-gap:var(--global-kb-gap-sm, 1rem);}.kadence-column146_454537-2f > .kt-inside-inner-col{flex-direction:column;}.kadence-column146_454537-2f > .kt-inside-inner-col > .aligncenter{width:100%;}.kadence-column146_454537-2f > .kt-inside-inner-col:before{opacity:0.3;}.kadence-column146_454537-2f:hover > .kt-inside-inner-col:before{background-color:var(--global-palette1, #3182CE);background-image:none;}.kadence-column146_454537-2f{position:relative;}@media all and (max-width: 1024px){.kadence-column146_454537-2f > .kt-inside-inner-col{flex-direction:column;justify-content:center;}}@media all and (max-width: 767px){.kadence-column146_454537-2f > .kt-inside-inner-col{flex-direction:column;justify-content:center;}}<\/style>\n<div class=\"wp-block-kadence-column kadence-column146_454537-2f kb-section-has-link kb-section-has-overlay inner-column-1\"><div class=\"kt-inside-inner-col\"><style>.wp-block-kadence-advancedheading.kt-adv-heading146_6b9e99-23, .wp-block-kadence-advancedheading.kt-adv-heading146_6b9e99-23[data-kb-block=\"kb-adv-heading146_6b9e99-23\"]{margin-bottom:20px;font-size:1.2em;font-style:normal;text-transform:uppercase;}.wp-block-kadence-advancedheading.kt-adv-heading146_6b9e99-23 mark.kt-highlight, .wp-block-kadence-advancedheading.kt-adv-heading146_6b9e99-23[data-kb-block=\"kb-adv-heading146_6b9e99-23\"] mark.kt-highlight{font-style:normal;color:#f76a0c;-webkit-box-decoration-break:clone;box-decoration-break:clone;padding-top:0px;padding-right:0px;padding-bottom:0px;padding-left:0px;}.wp-block-kadence-advancedheading.kt-adv-heading146_6b9e99-23 img.kb-inline-image, .wp-block-kadence-advancedheading.kt-adv-heading146_6b9e99-23[data-kb-block=\"kb-adv-heading146_6b9e99-23\"] img.kb-inline-image{width:150px;vertical-align:baseline;}<\/style>\n<h3 class=\"kt-adv-heading146_6b9e99-23 wp-block-kadence-advancedheading has-theme-palette-1-color has-text-color\" data-kb-block=\"kb-adv-heading146_6b9e99-23\">Pravo u financijskim tehnologijama<\/h3>\n\n\n\n<p class=\"has-theme-palette-6-color has-text-color\">Obrada tema otkrivanja prijevara, forenzi\u010dkih istraga i upravljanja rizicima uskla\u0111enosti<\/p>\n<\/div><a href=\"https:\/\/www.decareu.com\/pravo-o-cyber-kriminalu-i-financijskim-tehnologijama\/\" class=\"kb-section-link-overlay\"><\/a><\/div>\n\n<\/div><\/div><\/div><\/div>\n\n<\/div><\/div>\n\n\n<p><\/p>\n","protected":false},"excerpt":{"rendered":"<p>KOLEGIJI Pregled svih kolegija obuhva\u0107enih DECAR-EU projektom Modul DECAR-EU povezuje akademska istra\u017eivanja, politi\u010dki dijalog i razvoj prakti\u010dnih vje\u0161tina Tri specijalizirana kolegija koja integriraju digitalne materijale s otvorenim pristupom, studije slu\u010daja, simulacije i regulatorne okvire, te uklju\u010duju pravne stru\u010dnjake s radnim iskustvom u institucijama EU i forenzi\u010dke financijske stru\u010dnjake kako bi se osiguralo da prakti\u010dni, stvarni&#8230;<\/p>","protected":false},"author":1,"featured_media":0,"parent":0,"menu_order":0,"comment_status":"closed","ping_status":"closed","template":"","meta":{"_kadence_starter_templates_imported_post":true,"_kad_post_transparent":"disable","_kad_post_title":"hide","_kad_post_layout":"fullwidth","_kad_post_sidebar_id":"","_kad_post_content_style":"","_kad_post_vertical_padding":"","_kad_post_feature":"","_kad_post_feature_position":"","_kad_post_header":false,"_kad_post_footer":false,"_kad_post_classname":"","footnotes":""},"class_list":["post-146","page","type-page","status-publish","hentry"],"_links":{"self":[{"href":"https:\/\/www.decareu.com\/en\/wp-json\/wp\/v2\/pages\/146","targetHints":{"allow":["GET"]}}],"collection":[{"href":"https:\/\/www.decareu.com\/en\/wp-json\/wp\/v2\/pages"}],"about":[{"href":"https:\/\/www.decareu.com\/en\/wp-json\/wp\/v2\/types\/page"}],"author":[{"embeddable":true,"href":"https:\/\/www.decareu.com\/en\/wp-json\/wp\/v2\/users\/1"}],"replies":[{"embeddable":true,"href":"https:\/\/www.decareu.com\/en\/wp-json\/wp\/v2\/comments?post=146"}],"version-history":[{"count":15,"href":"https:\/\/www.decareu.com\/en\/wp-json\/wp\/v2\/pages\/146\/revisions"}],"predecessor-version":[{"id":720,"href":"https:\/\/www.decareu.com\/en\/wp-json\/wp\/v2\/pages\/146\/revisions\/720"}],"wp:attachment":[{"href":"https:\/\/www.decareu.com\/en\/wp-json\/wp\/v2\/media?parent=146"}],"curies":[{"name":"wp","href":"https:\/\/api.w.org\/{rel}","templated":true}]}}