{"id":148,"date":"2021-11-03T22:28:20","date_gmt":"2021-11-03T22:28:20","guid":{"rendered":"https:\/\/startertemplatecloud.com\/g20\/?page_id=148"},"modified":"2026-03-05T23:01:14","modified_gmt":"2026-03-05T22:01:14","slug":"kontakt","status":"publish","type":"page","link":"https:\/\/www.decareu.com\/en\/kontakt\/","title":{"rendered":"Contact"},"content":{"rendered":"<style>.kb-row-layout-id148_011a2c-51 > .kt-row-column-wrap{align-content:start;}:where(.kb-row-layout-id148_011a2c-51 > .kt-row-column-wrap) > .wp-block-kadence-column{justify-content:start;}.kb-row-layout-id148_011a2c-51 > .kt-row-column-wrap{column-gap:var(--global-kb-gap-md, 2rem);row-gap:var(--global-kb-gap-md, 2rem);max-width:var( --global-content-width, 1290px );padding-left:var(--global-content-edge-padding);padding-right:var(--global-content-edge-padding);padding-top:150px;padding-bottom:60px;grid-template-columns:minmax(0, 1fr);}.kb-row-layout-id148_011a2c-51{background-image:url('https:\/\/www.decareu.com\/wp-content\/uploads\/2021\/11\/dot-grid.jpg');background-size:auto;background-position:center center;background-attachment:scroll;background-repeat:repeat;}.kb-row-layout-id148_011a2c-51 > .kt-row-layout-overlay{opacity:1;background:linear-gradient(112deg, var(--global-palette1) 0%, var(--global-palette2) 100%);mix-blend-mode:multiply;}@media all and (max-width: 1024px){.kb-row-layout-id148_011a2c-51 > .kt-row-column-wrap{grid-template-columns:minmax(0, 1fr);}}@media all and (max-width: 767px){.kb-row-layout-id148_011a2c-51 > .kt-row-column-wrap{padding-top:var(--global-kb-spacing-lg, 3rem);grid-template-columns:minmax(0, 1fr);}}<\/style><div class=\"kb-row-layout-wrap kb-row-layout-id148_011a2c-51 alignnone kt-row-has-bg wp-block-kadence-rowlayout\"><div class=\"kt-row-layout-overlay kt-row-overlay-gradient\"><\/div><div class=\"kt-row-column-wrap kt-has-1-columns kt-row-layout-equal kt-tab-layout-inherit kt-mobile-layout-row kt-row-valign-top kb-theme-content-width\">\n<style>.kadence-column148_6a8a24-ca > .kt-inside-inner-col,.kadence-column148_6a8a24-ca > .kt-inside-inner-col:before{border-top-left-radius:0px;border-top-right-radius:0px;border-bottom-right-radius:0px;border-bottom-left-radius:0px;}.kadence-column148_6a8a24-ca > .kt-inside-inner-col{column-gap:var(--global-kb-gap-sm, 1rem);}.kadence-column148_6a8a24-ca > .kt-inside-inner-col{flex-direction:column;}.kadence-column148_6a8a24-ca > .kt-inside-inner-col > .aligncenter{width:100%;}.kadence-column148_6a8a24-ca > .kt-inside-inner-col:before{opacity:0.3;}.kadence-column148_6a8a24-ca{position:relative;}@media all and (max-width: 1024px){.kadence-column148_6a8a24-ca > .kt-inside-inner-col{flex-direction:column;justify-content:center;}}@media all and (max-width: 767px){.kadence-column148_6a8a24-ca > .kt-inside-inner-col{flex-direction:column;justify-content:center;}}<\/style>\n<div class=\"wp-block-kadence-column kadence-column148_6a8a24-ca inner-column-1\"><div class=\"kt-inside-inner-col\"><style>.wp-block-kadence-advancedheading.kt-adv-heading148_0b1820-54, .wp-block-kadence-advancedheading.kt-adv-heading148_0b1820-54[data-kb-block=\"kb-adv-heading148_0b1820-54\"]{text-align:left;font-style:normal;text-transform:uppercase;}.wp-block-kadence-advancedheading.kt-adv-heading148_0b1820-54 mark.kt-highlight, .wp-block-kadence-advancedheading.kt-adv-heading148_0b1820-54[data-kb-block=\"kb-adv-heading148_0b1820-54\"] mark.kt-highlight{font-style:normal;color:#f76a0c;-webkit-box-decoration-break:clone;box-decoration-break:clone;padding-top:0px;padding-right:0px;padding-bottom:0px;padding-left:0px;}.wp-block-kadence-advancedheading.kt-adv-heading148_0b1820-54 img.kb-inline-image, .wp-block-kadence-advancedheading.kt-adv-heading148_0b1820-54[data-kb-block=\"kb-adv-heading148_0b1820-54\"] img.kb-inline-image{width:150px;vertical-align:baseline;}<\/style>\n<h2 class=\"kt-adv-heading148_0b1820-54 wp-block-kadence-advancedheading has-theme-palette-9-color has-text-color\" data-kb-block=\"kb-adv-heading148_0b1820-54\">kontakt<\/h2>\n\n\n<style>.wp-block-kadence-advancedheading.kt-adv-heading148_066913-3c, .wp-block-kadence-advancedheading.kt-adv-heading148_066913-3c[data-kb-block=\"kb-adv-heading148_066913-3c\"]{font-style:normal;}.wp-block-kadence-advancedheading.kt-adv-heading148_066913-3c mark.kt-highlight, .wp-block-kadence-advancedheading.kt-adv-heading148_066913-3c[data-kb-block=\"kb-adv-heading148_066913-3c\"] mark.kt-highlight{font-style:normal;color:#f76a0c;-webkit-box-decoration-break:clone;box-decoration-break:clone;padding-top:0px;padding-right:0px;padding-bottom:0px;padding-left:0px;}.wp-block-kadence-advancedheading.kt-adv-heading148_066913-3c img.kb-inline-image, .wp-block-kadence-advancedheading.kt-adv-heading148_066913-3c[data-kb-block=\"kb-adv-heading148_066913-3c\"] img.kb-inline-image{width:150px;vertical-align:baseline;}<\/style>\n<p class=\"kt-adv-heading148_066913-3c wp-block-kadence-advancedheading has-theme-palette-9-color has-text-color\" data-kb-block=\"kb-adv-heading148_066913-3c\">Javite nam se za dodatne informacije, pitanja <br>ili suradnju vezanu uz modul i aktivnosti.<\/p>\n<\/div><\/div>\n\n<\/div><\/div>\n\n<style>.kb-row-layout-id148_15107d-92 > .kt-row-column-wrap{align-content:start;}:where(.kb-row-layout-id148_15107d-92 > .kt-row-column-wrap) > .wp-block-kadence-column{justify-content:start;}.kb-row-layout-id148_15107d-92 > .kt-row-column-wrap{column-gap:80px;row-gap:var(--global-kb-gap-md, 2rem);max-width:var( --global-content-width, 1290px );padding-left:var(--global-content-edge-padding);padding-right:var(--global-content-edge-padding);padding-top:80px;padding-bottom:80px;grid-template-columns:repeat(2, minmax(0, 1fr));}.kb-row-layout-id148_15107d-92 > .kt-row-layout-overlay{opacity:0.30;}.kb-row-layout-id148_15107d-92 ,.kb-row-layout-id148_15107d-92 h1,.kb-row-layout-id148_15107d-92 h2,.kb-row-layout-id148_15107d-92 h3,.kb-row-layout-id148_15107d-92 h4,.kb-row-layout-id148_15107d-92 h5,.kb-row-layout-id148_15107d-92 h6{color:var(--global-palette4, #2D3748);}@media all and (max-width: 1024px){.kb-row-layout-id148_15107d-92 > .kt-row-column-wrap{grid-template-columns:repeat(2, minmax(0, 1fr));}}@media all and (max-width: 767px){.kb-row-layout-id148_15107d-92 > .kt-row-column-wrap{padding-right:var(--global-kb-spacing-xs, 1rem);padding-left:var(--global-kb-spacing-xs, 1rem);grid-template-columns:minmax(0, 1fr);}}<\/style><div class=\"kb-row-layout-wrap kb-row-layout-id148_15107d-92 alignnone wp-block-kadence-rowlayout\"><div class=\"kt-row-column-wrap kt-has-2-columns kt-row-layout-equal kt-tab-layout-inherit kt-mobile-layout-row kt-row-valign-top kt-inner-column-height-full kb-theme-content-width\">\n<style>.kadence-column148_fad87b-28 > .kt-inside-inner-col,.kadence-column148_fad87b-28 > .kt-inside-inner-col:before{border-top-left-radius:10px;border-top-right-radius:10px;border-bottom-right-radius:10px;border-bottom-left-radius:10px;}.kadence-column148_fad87b-28 > .kt-inside-inner-col{column-gap:var(--global-kb-gap-sm, 1rem);}.kadence-column148_fad87b-28 > .kt-inside-inner-col{flex-direction:column;}.kadence-column148_fad87b-28 > .kt-inside-inner-col > .aligncenter{width:100%;}.kadence-column148_fad87b-28 > .kt-inside-inner-col:before{opacity:0.3;}.kadence-column148_fad87b-28{position:relative;}@media all and (max-width: 1024px){.kadence-column148_fad87b-28 > .kt-inside-inner-col{flex-direction:column;justify-content:center;}}@media all and (max-width: 767px){.kadence-column148_fad87b-28 > .kt-inside-inner-col{padding-bottom:40px;flex-direction:column;justify-content:center;}}<\/style>\n<div class=\"wp-block-kadence-column kadence-column148_fad87b-28 inner-column-1\"><div class=\"kt-inside-inner-col\"><style>.kb-google-maps-container148_e72519-e6{height:450px;}.kb-google-maps-container148_e72519-e6{filter:sepia(30%);}<\/style><div class=\"kb-google-maps-container kb-google-maps-container148_e72519-e6  wp-block-kadence-googlemaps\" data-mapid=\"148_e72519e6\"><iframe width=\"100%\" height=\"100%\"\n\t\t\t\t\t\t\tstyle=\"border:0\" loading=\"lazy\"\n\t\t\t\t\t\t\tsrc=\"https:\/\/www.google.com\/maps\/embed\/v1\/place?key=AIzaSyBAM2o7PiQqwk15LC1XRH2e_KJ-jUa7KYk&#038;zoom=16&#038;maptype=roadmap&#038;q=Ru%C4%91era+Bo%C5%A1kovi%C4%87a+33%2C+21000+Split\"\n\t\t\t\t\t\t\ttitle=\"Google map of Ru\u0111era Bo\u0161kovi\u0107a 33, 21000 Split\"><\/iframe><\/div><script>function kb_google_map148_e72519e6() { let center = { lat: 37.8201, lng: -122.4781}; let map = new google.maps.Map(document.getElementById(\"kb-google-map148_e72519e6\"), {\n\t\t\t\t\t    zoom: 16,\n\t\t\t\t\t    center: center,});let marker = new google.maps.Marker({   position: { lat: 37.8201, lng: -122.4781},    map: map,  });}<\/script><\/div><\/div>\n\n\n<style>.kadence-column148_9fd3d9-18 > .kt-inside-inner-col{display:flex;}.kadence-column148_9fd3d9-18 > .kt-inside-inner-col,.kadence-column148_9fd3d9-18 > .kt-inside-inner-col:before{border-top-left-radius:0px;border-top-right-radius:0px;border-bottom-right-radius:0px;border-bottom-left-radius:0px;}.kadence-column148_9fd3d9-18 > .kt-inside-inner-col{column-gap:var(--global-kb-gap-sm, 1rem);}.kadence-column148_9fd3d9-18 > .kt-inside-inner-col{flex-direction:column;justify-content:center;}.kadence-column148_9fd3d9-18 > .kt-inside-inner-col > .aligncenter{width:100%;}.kt-row-column-wrap > .kadence-column148_9fd3d9-18{align-self:center;}.kt-inner-column-height-full:not(.kt-has-1-columns) > .wp-block-kadence-column.kadence-column148_9fd3d9-18{align-self:auto;}.kt-inner-column-height-full:not(.kt-has-1-columns) > .wp-block-kadence-column.kadence-column148_9fd3d9-18 > .kt-inside-inner-col{flex-direction:column;justify-content:center;}.kadence-column148_9fd3d9-18 > .kt-inside-inner-col:before{opacity:0.3;}.kadence-column148_9fd3d9-18{position:relative;}@media all and (max-width: 1024px){.kt-row-column-wrap > .kadence-column148_9fd3d9-18{align-self:center;}}@media all and (max-width: 1024px){.kt-inner-column-height-full:not(.kt-has-1-columns) > .wp-block-kadence-column.kadence-column148_9fd3d9-18{align-self:auto;}}@media all and (max-width: 1024px){.kt-inner-column-height-full:not(.kt-has-1-columns) > .wp-block-kadence-column.kadence-column148_9fd3d9-18 > .kt-inside-inner-col{flex-direction:column;justify-content:center;}}@media all and (max-width: 1024px){.kadence-column148_9fd3d9-18 > .kt-inside-inner-col{flex-direction:column;justify-content:center;}}@media all and (max-width: 767px){.kt-row-column-wrap > .kadence-column148_9fd3d9-18{align-self:center;}.kt-inner-column-height-full:not(.kt-has-1-columns) > .wp-block-kadence-column.kadence-column148_9fd3d9-18{align-self:auto;}.kt-inner-column-height-full:not(.kt-has-1-columns) > .wp-block-kadence-column.kadence-column148_9fd3d9-18 > .kt-inside-inner-col{flex-direction:column;justify-content:center;}.kadence-column148_9fd3d9-18 > .kt-inside-inner-col{flex-direction:column;justify-content:center;}}<\/style>\n<div class=\"wp-block-kadence-column kadence-column148_9fd3d9-18\"><div class=\"kt-inside-inner-col\"><style>.wp-block-kadence-column.kb-section-dir-horizontal > .kt-inside-inner-col > .kt-info-box148_0c2958-81 .kt-blocks-info-box-link-wrap{max-width:unset;}.kt-info-box148_0c2958-81 .kt-blocks-info-box-link-wrap{border-bottom:2px solid var(--global-palette7, #eeeeee);border-top-left-radius:0px;border-top-right-radius:0px;border-bottom-right-radius:0px;border-bottom-left-radius:0px;background:#ffffff;padding-top:var(--global-kb-spacing-xs, 1rem);padding-right:var(--global-kb-spacing-xs, 1rem);padding-bottom:var(--global-kb-spacing-xs, 1rem);padding-left:var(--global-kb-spacing-xs, 1rem);}.kt-info-box148_0c2958-81 .kadence-info-box-icon-container .kt-info-svg-icon, .kt-info-box148_0c2958-81 .kt-info-svg-icon-flip, .kt-info-box148_0c2958-81 .kt-blocks-info-box-number{font-size:32px;}.kt-info-box148_0c2958-81 .kt-blocks-info-box-media{color:var(--global-palette1, #3182CE);border-top-width:0px;border-right-width:0px;border-bottom-width:0px;border-left-width:0px;padding-top:20px;padding-right:20px;padding-bottom:20px;padding-left:20px;margin-top:0px;margin-right:20px;margin-bottom:0px;margin-left:0px;}.kt-info-box148_0c2958-81 .kt-infobox-textcontent h5.kt-blocks-info-box-title{color:var(--global-palette1, #3182CE);padding-top:0px;padding-right:0px;padding-bottom:0px;padding-left:0px;margin-top:5px;margin-right:0px;margin-bottom:10px;margin-left:0px;}.kt-info-box148_0c2958-81 .kt-blocks-info-box-learnmore{background:transparent;border-width:0px 0px 0px 0px;padding-top:4px;padding-right:8px;padding-bottom:4px;padding-left:8px;margin-top:10px;margin-right:0px;margin-bottom:10px;margin-left:0px;}@media all and (max-width: 1024px){.kt-info-box148_0c2958-81 .kt-blocks-info-box-link-wrap{border-bottom:2px solid var(--global-palette7, #eeeeee);}}@media all and (max-width: 767px){.kt-info-box148_0c2958-81 .kt-blocks-info-box-link-wrap{border-bottom:2px solid var(--global-palette7, #eeeeee);}}<\/style>\n<div class=\"wp-block-kadence-infobox kt-info-box148_0c2958-81\"><span class=\"kt-blocks-info-box-link-wrap info-box-link kt-blocks-info-box-media-align-left kt-info-halign-left\" aria-label=\"ADRESA\"><div class=\"kt-blocks-info-box-media-container\"><div class=\"kt-blocks-info-box-media kt-info-media-animate-none\"><div class=\"kadence-info-box-icon-container kt-info-icon-animate-none\"><div class=\"kadence-info-box-icon-inner-container\"><span class=\"kb-svg-icon-wrap kb-svg-icon-fe_mapPin kt-info-svg-icon\"><svg viewBox=\"0 0 24 24\"  fill=\"none\" stroke=\"currentColor\" stroke-width=\"1.5\" stroke-linecap=\"round\" stroke-linejoin=\"round\" xmlns=\"http:\/\/www.w3.org\/2000\/svg\"  aria-hidden=\"true\"><path d=\"M21 10c0 7-9 13-9 13s-9-6-9-13a9 9 0 0 1 18 0z\"\/><circle cx=\"12\" cy=\"10\" r=\"3\"\/><\/svg><\/span><\/div><\/div><\/div><\/div><div class=\"kt-infobox-textcontent\"><h5 class=\"kt-blocks-info-box-title\">ADRESA<\/h5><p class=\"kt-blocks-info-box-text\">Ru\u0111era Bo\u0161kovi\u0107a 33, 21000 Split<\/p><\/div><\/span><\/div>\n\n\n<style>.wp-block-kadence-column.kb-section-dir-horizontal > .kt-inside-inner-col > .kt-info-box148_11aa93-43 .kt-blocks-info-box-link-wrap{max-width:unset;}.kt-info-box148_11aa93-43 .kt-blocks-info-box-link-wrap{border-bottom:2px solid var(--global-palette7, #eeeeee);border-top-left-radius:0px;border-top-right-radius:0px;border-bottom-right-radius:0px;border-bottom-left-radius:0px;background:#ffffff;padding-top:var(--global-kb-spacing-xs, 1rem);padding-right:var(--global-kb-spacing-xs, 1rem);padding-bottom:var(--global-kb-spacing-xs, 1rem);padding-left:var(--global-kb-spacing-xs, 1rem);}.kt-info-box148_11aa93-43 .kadence-info-box-icon-container .kt-info-svg-icon, .kt-info-box148_11aa93-43 .kt-info-svg-icon-flip, .kt-info-box148_11aa93-43 .kt-blocks-info-box-number{font-size:32px;}.kt-info-box148_11aa93-43 .kt-blocks-info-box-media{color:var(--global-palette1, #3182CE);border-top-width:0px;border-right-width:0px;border-bottom-width:0px;border-left-width:0px;padding-top:20px;padding-right:20px;padding-bottom:20px;padding-left:20px;margin-top:0px;margin-right:20px;margin-bottom:0px;margin-left:0px;}.kt-info-box148_11aa93-43 .kt-infobox-textcontent h5.kt-blocks-info-box-title{color:var(--global-palette1, #3182CE);padding-top:0px;padding-right:0px;padding-bottom:0px;padding-left:0px;margin-top:5px;margin-right:0px;margin-bottom:10px;margin-left:0px;}.kt-info-box148_11aa93-43 .kt-blocks-info-box-learnmore{background:transparent;border-width:0px 0px 0px 0px;padding-top:4px;padding-right:8px;padding-bottom:4px;padding-left:8px;margin-top:10px;margin-right:0px;margin-bottom:10px;margin-left:0px;}@media all and (max-width: 1024px){.kt-info-box148_11aa93-43 .kt-blocks-info-box-link-wrap{border-bottom:2px solid var(--global-palette7, #eeeeee);}}@media all and (max-width: 767px){.kt-info-box148_11aa93-43 .kt-blocks-info-box-link-wrap{border-bottom:2px solid var(--global-palette7, #eeeeee);}}<\/style>\n<div class=\"wp-block-kadence-infobox kt-info-box148_11aa93-43\"><span class=\"kt-blocks-info-box-link-wrap info-box-link kt-blocks-info-box-media-align-left kt-info-halign-left\" aria-label=\"ADRESA\"><div class=\"kt-blocks-info-box-media-container\"><div class=\"kt-blocks-info-box-media kt-info-media-animate-none\"><div class=\"kadence-info-box-icon-container kt-info-icon-animate-none\"><div class=\"kadence-info-box-icon-inner-container\"><span class=\"kb-svg-icon-wrap kb-svg-icon-fe_smartphone kt-info-svg-icon\"><svg viewBox=\"0 0 24 24\"  fill=\"none\" stroke=\"currentColor\" stroke-width=\"1.5\" stroke-linecap=\"round\" stroke-linejoin=\"round\" xmlns=\"http:\/\/www.w3.org\/2000\/svg\"  aria-hidden=\"true\"><rect x=\"5\" y=\"2\" width=\"14\" height=\"20\" rx=\"2\" ry=\"2\"\/><line x1=\"12\" y1=\"18\" x2=\"12\" y2=\"18\"\/><\/svg><\/span><\/div><\/div><\/div><\/div><div class=\"kt-infobox-textcontent\"><h5 class=\"kt-blocks-info-box-title\">TELEFON<\/h5><p class=\"kt-blocks-info-box-text\"><a style=\"color: inherit; text-decoration: none; transition: color 0.3s;\" onmouseover=\"this.style.color='#2B6CB0';\" onmouseout=\"this.style.color='inherit';\" href=\"tel:021123456\">021 510 181<\/a><\/p><\/div><\/span><\/div>\n\n\n<style>.wp-block-kadence-column.kb-section-dir-horizontal > .kt-inside-inner-col > .kt-info-box148_05ca58-c5 .kt-blocks-info-box-link-wrap{max-width:unset;}.kt-info-box148_05ca58-c5 .kt-blocks-info-box-link-wrap{border-bottom:2px solid var(--global-palette7, #eeeeee);border-top-left-radius:0px;border-top-right-radius:0px;border-bottom-right-radius:0px;border-bottom-left-radius:0px;background:#ffffff;padding-top:var(--global-kb-spacing-xs, 1rem);padding-right:var(--global-kb-spacing-xs, 1rem);padding-bottom:var(--global-kb-spacing-xs, 1rem);padding-left:var(--global-kb-spacing-xs, 1rem);}.kt-info-box148_05ca58-c5 .kadence-info-box-icon-container .kt-info-svg-icon, .kt-info-box148_05ca58-c5 .kt-info-svg-icon-flip, .kt-info-box148_05ca58-c5 .kt-blocks-info-box-number{font-size:32px;}.kt-info-box148_05ca58-c5 .kt-blocks-info-box-media{color:var(--global-palette1, #3182CE);border-top-width:0px;border-right-width:0px;border-bottom-width:0px;border-left-width:0px;padding-top:20px;padding-right:20px;padding-bottom:20px;padding-left:20px;margin-top:0px;margin-right:20px;margin-bottom:0px;margin-left:0px;}.kt-info-box148_05ca58-c5 .kt-infobox-textcontent h5.kt-blocks-info-box-title{color:var(--global-palette1, #3182CE);padding-top:0px;padding-right:0px;padding-bottom:0px;padding-left:0px;margin-top:5px;margin-right:0px;margin-bottom:10px;margin-left:0px;}.kt-info-box148_05ca58-c5 .kt-blocks-info-box-learnmore{background:transparent;border-width:0px 0px 0px 0px;padding-top:4px;padding-right:8px;padding-bottom:4px;padding-left:8px;margin-top:10px;margin-right:0px;margin-bottom:10px;margin-left:0px;}@media all and (max-width: 1024px){.kt-info-box148_05ca58-c5 .kt-blocks-info-box-link-wrap{border-bottom:2px solid var(--global-palette7, #eeeeee);}}@media all and (max-width: 767px){.kt-info-box148_05ca58-c5 .kt-blocks-info-box-link-wrap{border-bottom:2px solid var(--global-palette7, #eeeeee);}}<\/style>\n<div class=\"wp-block-kadence-infobox kt-info-box148_05ca58-c5\"><span class=\"kt-blocks-info-box-link-wrap info-box-link kt-blocks-info-box-media-align-left kt-info-halign-left\" aria-label=\"ADRESA\"><div class=\"kt-blocks-info-box-media-container\"><div class=\"kt-blocks-info-box-media kt-info-media-animate-none\"><div class=\"kadence-info-box-icon-container kt-info-icon-animate-none\"><div class=\"kadence-info-box-icon-inner-container\"><span class=\"kb-svg-icon-wrap kb-svg-icon-fe_mail kt-info-svg-icon\"><svg viewBox=\"0 0 24 24\"  fill=\"none\" stroke=\"currentColor\" stroke-width=\"1.5\" stroke-linecap=\"round\" stroke-linejoin=\"round\" xmlns=\"http:\/\/www.w3.org\/2000\/svg\"  aria-hidden=\"true\"><path d=\"M4 4h16c1.1 0 2 .9 2 2v12c0 1.1-.9 2-2 2H4c-1.1 0-2-.9-2-2V6c0-1.1.9-2 2-2z\"\/><polyline points=\"22,6 12,13 2,6\"\/><\/svg><\/span><\/div><\/div><\/div><\/div><div class=\"kt-infobox-textcontent\"><h5 class=\"kt-blocks-info-box-title\">E-MAIL<\/h5><p class=\"kt-blocks-info-box-text\"><a style=\"color: inherit; text-decoration: none; transition: color 0.3s;\" onmouseover=\"this.style.color='#2B6CB0';\" onmouseout=\"this.style.color='inherit';\" href=\"mailto:test@forenzika.hr\">forenzika@forenzika.unist.hr <\/a><\/p><\/div><\/span><\/div>\n<\/div><\/div>\n\n<\/div><\/div>\n\n\n<p><\/p>\n","protected":false},"excerpt":{"rendered":"<p>kontakt Javite nam se za dodatne informacije, pitanja ili suradnju vezanu uz modul i aktivnosti.<\/p>","protected":false},"author":1,"featured_media":283,"parent":0,"menu_order":0,"comment_status":"closed","ping_status":"closed","template":"","meta":{"_kadence_starter_templates_imported_post":true,"_kad_post_transparent":"","_kad_post_title":"","_kad_post_layout":"","_kad_post_sidebar_id":"","_kad_post_content_style":"","_kad_post_vertical_padding":"","_kad_post_feature":"","_kad_post_feature_position":"","_kad_post_header":false,"_kad_post_footer":false,"_kad_post_classname":"","footnotes":""},"class_list":["post-148","page","type-page","status-publish","has-post-thumbnail","hentry"],"_links":{"self":[{"href":"https:\/\/www.decareu.com\/en\/wp-json\/wp\/v2\/pages\/148","targetHints":{"allow":["GET"]}}],"collection":[{"href":"https:\/\/www.decareu.com\/en\/wp-json\/wp\/v2\/pages"}],"about":[{"href":"https:\/\/www.decareu.com\/en\/wp-json\/wp\/v2\/types\/page"}],"author":[{"embeddable":true,"href":"https:\/\/www.decareu.com\/en\/wp-json\/wp\/v2\/users\/1"}],"replies":[{"embeddable":true,"href":"https:\/\/www.decareu.com\/en\/wp-json\/wp\/v2\/comments?post=148"}],"version-history":[{"count":16,"href":"https:\/\/www.decareu.com\/en\/wp-json\/wp\/v2\/pages\/148\/revisions"}],"predecessor-version":[{"id":755,"href":"https:\/\/www.decareu.com\/en\/wp-json\/wp\/v2\/pages\/148\/revisions\/755"}],"wp:featuredmedia":[{"embeddable":true,"href":"https:\/\/www.decareu.com\/en\/wp-json\/wp\/v2\/media\/283"}],"wp:attachment":[{"href":"https:\/\/www.decareu.com\/en\/wp-json\/wp\/v2\/media?parent=148"}],"curies":[{"name":"wp","href":"https:\/\/api.w.org\/{rel}","templated":true}]}}