{"id":526,"date":"2025-12-21T11:46:26","date_gmt":"2025-12-21T10:46:26","guid":{"rendered":"http:\/\/jm-modul.local\/?page_id=526"},"modified":"2026-02-14T18:55:15","modified_gmt":"2026-02-14T17:55:15","slug":"dogadaji","status":"publish","type":"page","link":"https:\/\/www.decareu.com\/en\/dogadaji\/","title":{"rendered":"News and Events"},"content":{"rendered":"<style>.kb-row-layout-id526_bdce1b-c2 > .kt-row-column-wrap{align-content:start;}:where(.kb-row-layout-id526_bdce1b-c2 > .kt-row-column-wrap) > .wp-block-kadence-column{justify-content:start;}.kb-row-layout-id526_bdce1b-c2 > .kt-row-column-wrap{column-gap:var(--global-kb-gap-md, 2rem);row-gap:var(--global-kb-gap-md, 2rem);max-width:var( --global-content-width, 1290px );padding-left:var(--global-content-edge-padding);padding-right:var(--global-content-edge-padding);padding-top:150px;padding-bottom:60px;grid-template-columns:minmax(0, 1fr);}.kb-row-layout-id526_bdce1b-c2{background-image:url('https:\/\/www.decareu.com\/wp-content\/uploads\/2021\/11\/dot-grid.jpg');background-size:auto;background-position:center center;background-attachment:scroll;background-repeat:repeat;}.kb-row-layout-id526_bdce1b-c2 > .kt-row-layout-overlay{opacity:1;background:linear-gradient(112deg, var(--global-palette1) 0%, var(--global-palette2) 100%);mix-blend-mode:multiply;}@media all and (max-width: 1024px){.kb-row-layout-id526_bdce1b-c2 > .kt-row-column-wrap{grid-template-columns:minmax(0, 1fr);}}@media all and (max-width: 767px){.kb-row-layout-id526_bdce1b-c2 > .kt-row-column-wrap{padding-top:var(--global-kb-spacing-lg, 3rem);grid-template-columns:minmax(0, 1fr);}}<\/style><div class=\"kb-row-layout-wrap kb-row-layout-id526_bdce1b-c2 alignnone kt-row-has-bg wp-block-kadence-rowlayout\"><div class=\"kt-row-layout-overlay kt-row-overlay-gradient\"><\/div><div class=\"kt-row-column-wrap kt-has-1-columns kt-row-layout-equal kt-tab-layout-inherit kt-mobile-layout-row kt-row-valign-top kb-theme-content-width\">\n<style>.kadence-column526_217e02-f7 > .kt-inside-inner-col,.kadence-column526_217e02-f7 > .kt-inside-inner-col:before{border-top-left-radius:0px;border-top-right-radius:0px;border-bottom-right-radius:0px;border-bottom-left-radius:0px;}.kadence-column526_217e02-f7 > .kt-inside-inner-col{column-gap:var(--global-kb-gap-sm, 1rem);}.kadence-column526_217e02-f7 > .kt-inside-inner-col{flex-direction:column;}.kadence-column526_217e02-f7 > .kt-inside-inner-col > .aligncenter{width:100%;}.kadence-column526_217e02-f7 > .kt-inside-inner-col:before{opacity:0.3;}.kadence-column526_217e02-f7{position:relative;}@media all and (max-width: 1024px){.kadence-column526_217e02-f7 > .kt-inside-inner-col{flex-direction:column;justify-content:center;}}@media all and (max-width: 767px){.kadence-column526_217e02-f7 > .kt-inside-inner-col{flex-direction:column;justify-content:center;}}<\/style>\n<div class=\"wp-block-kadence-column kadence-column526_217e02-f7 inner-column-1\"><div class=\"kt-inside-inner-col\"><style>.wp-block-kadence-advancedheading.kt-adv-heading526_45d1c8-e6, .wp-block-kadence-advancedheading.kt-adv-heading526_45d1c8-e6[data-kb-block=\"kb-adv-heading526_45d1c8-e6\"]{text-align:left;font-style:normal;text-transform:uppercase;}.wp-block-kadence-advancedheading.kt-adv-heading526_45d1c8-e6 mark.kt-highlight, .wp-block-kadence-advancedheading.kt-adv-heading526_45d1c8-e6[data-kb-block=\"kb-adv-heading526_45d1c8-e6\"] mark.kt-highlight{font-style:normal;color:#f76a0c;-webkit-box-decoration-break:clone;box-decoration-break:clone;padding-top:0px;padding-right:0px;padding-bottom:0px;padding-left:0px;}.wp-block-kadence-advancedheading.kt-adv-heading526_45d1c8-e6 img.kb-inline-image, .wp-block-kadence-advancedheading.kt-adv-heading526_45d1c8-e6[data-kb-block=\"kb-adv-heading526_45d1c8-e6\"] img.kb-inline-image{width:150px;vertical-align:baseline;}<\/style>\n<h2 class=\"kt-adv-heading526_45d1c8-e6 wp-block-kadence-advancedheading has-theme-palette-9-color has-text-color\" data-kb-block=\"kb-adv-heading526_45d1c8-e6\">Doga\u0111aji<\/h2>\n\n\n<style>.wp-block-kadence-advancedheading.kt-adv-heading526_2f2aca-e8, .wp-block-kadence-advancedheading.kt-adv-heading526_2f2aca-e8[data-kb-block=\"kb-adv-heading526_2f2aca-e8\"]{font-style:normal;}.wp-block-kadence-advancedheading.kt-adv-heading526_2f2aca-e8 mark.kt-highlight, .wp-block-kadence-advancedheading.kt-adv-heading526_2f2aca-e8[data-kb-block=\"kb-adv-heading526_2f2aca-e8\"] mark.kt-highlight{font-style:normal;color:#f76a0c;-webkit-box-decoration-break:clone;box-decoration-break:clone;padding-top:0px;padding-right:0px;padding-bottom:0px;padding-left:0px;}.wp-block-kadence-advancedheading.kt-adv-heading526_2f2aca-e8 img.kb-inline-image, .wp-block-kadence-advancedheading.kt-adv-heading526_2f2aca-e8[data-kb-block=\"kb-adv-heading526_2f2aca-e8\"] img.kb-inline-image{width:150px;vertical-align:baseline;}<\/style>\n<p class=\"kt-adv-heading526_2f2aca-e8 wp-block-kadence-advancedheading has-theme-palette-9-color has-text-color\" data-kb-block=\"kb-adv-heading526_2f2aca-e8\">Najvnovije vijesti i doga\u0111aji<\/p>\n<\/div><\/div>\n\n<\/div><\/div>\n\n<style>.kb-row-layout-id526_90488f-0c > .kt-row-column-wrap{align-content:start;}:where(.kb-row-layout-id526_90488f-0c > .kt-row-column-wrap) > .wp-block-kadence-column{justify-content:start;}.kb-row-layout-id526_90488f-0c > .kt-row-column-wrap{column-gap:var(--global-kb-gap-md, 2rem);row-gap:var(--global-kb-gap-md, 2rem);max-width:var( --global-content-width, 1290px );padding-left:var(--global-content-edge-padding);padding-right:var(--global-content-edge-padding);padding-top:var(--global-kb-spacing-sm, 1.5rem);padding-bottom:var(--global-kb-spacing-sm, 1.5rem);grid-template-columns:minmax(0, 1fr);}.kb-row-layout-id526_90488f-0c > .kt-row-layout-overlay{opacity:0.30;}@media all and (max-width: 1024px){.kb-row-layout-id526_90488f-0c > .kt-row-column-wrap{grid-template-columns:minmax(0, 1fr);}}@media all and (max-width: 767px){.kb-row-layout-id526_90488f-0c > .kt-row-column-wrap{grid-template-columns:minmax(0, 1fr);}}<\/style><div class=\"kb-row-layout-wrap kb-row-layout-id526_90488f-0c alignnone wp-block-kadence-rowlayout\"><div class=\"kt-row-column-wrap kt-has-1-columns kt-row-layout-equal kt-tab-layout-inherit kt-mobile-layout-row kt-row-valign-top kb-theme-content-width\">\n<style>.kadence-column526_3cc0c9-ac > .kt-inside-inner-col,.kadence-column526_3cc0c9-ac > .kt-inside-inner-col:before{border-top-left-radius:0px;border-top-right-radius:0px;border-bottom-right-radius:0px;border-bottom-left-radius:0px;}.kadence-column526_3cc0c9-ac > .kt-inside-inner-col{column-gap:var(--global-kb-gap-sm, 1rem);}.kadence-column526_3cc0c9-ac > .kt-inside-inner-col{flex-direction:column;}.kadence-column526_3cc0c9-ac > .kt-inside-inner-col > .aligncenter{width:100%;}.kadence-column526_3cc0c9-ac > .kt-inside-inner-col:before{opacity:0.3;}.kadence-column526_3cc0c9-ac{position:relative;}@media all and (max-width: 1024px){.kadence-column526_3cc0c9-ac > .kt-inside-inner-col{flex-direction:column;justify-content:center;}}@media all and (max-width: 767px){.kadence-column526_3cc0c9-ac > .kt-inside-inner-col{flex-direction:column;justify-content:center;}}<\/style>\n<div class=\"wp-block-kadence-column kadence-column526_3cc0c9-ac\"><div class=\"kt-inside-inner-col\"><style>.kb-posts-id-526_c1c47e-df .kb-post-list-item{display:grid;}@media all and (max-width: 767px){.kb-posts-id-526_c1c47e-df .entry.loop-entry .entry-header .entry-title{font-size:var(--global-kb-font-size-lg, 2rem);}}<\/style><ul class=\"wp-block-kadence-posts kb-posts kadence-posts-list kb-posts-id-526_c1c47e-df content-wrap grid-cols kb-posts-style-boxed grid-sm-col-2 grid-lg-col-3 item-image-style-above\"><li class=\"kb-post-list-item\">\n\t<article class=\"entry content-bg loop-entry post-761 post type-post status-publish format-standard has-post-thumbnail hentry category-vijesti\">\n\t\t\t\t<a aria-hidden=\"true\" tabindex=\"-1\" role=\"presentation\" class=\"post-thumbnail kadence-thumbnail-ratio-2-3\" href=\"https:\/\/www.decareu.com\/en\/regulacija-umjetne-inteligencije-u-eu-split-domacin-strucne-rasprave\/\" aria-label=\"Regulacija umjetne inteligencije u EU: Split doma\u0107in stru\u010dne rasprave\">\n\t\t\t<div class=\"post-thumbnail-inner\">\n\t\t\t\t<img loading=\"lazy\" decoding=\"async\" width=\"768\" height=\"432\" src=\"https:\/\/www.decareu.com\/wp-content\/uploads\/2026\/04\/naslovna-4.4.2026-768x432.webp\" class=\"attachment-medium_large size-medium_large wp-post-image\" alt=\"Regulacija umjetne inteligencije u EU: Split doma\u0107in stru\u010dne rasprave\" srcset=\"https:\/\/www.decareu.com\/wp-content\/uploads\/2026\/04\/naslovna-4.4.2026-768x432.webp 768w, https:\/\/www.decareu.com\/wp-content\/uploads\/2026\/04\/naslovna-4.4.2026-300x169.webp 300w, https:\/\/www.decareu.com\/wp-content\/uploads\/2026\/04\/naslovna-4.4.2026-1024x576.webp 1024w, https:\/\/www.decareu.com\/wp-content\/uploads\/2026\/04\/naslovna-4.4.2026-1536x864.webp 1536w, https:\/\/www.decareu.com\/wp-content\/uploads\/2026\/04\/naslovna-4.4.2026-2048x1152.webp 2048w, https:\/\/www.decareu.com\/wp-content\/uploads\/2026\/04\/naslovna-4.4.2026-18x10.webp 18w\" sizes=\"auto, (max-width: 768px) 100vw, 768px\" \/>\t\t\t<\/div>\n\t\t<\/a><!-- .post-thumbnail -->\n\t\t\t\t<div class=\"entry-content-wrap\">\n\t\t\t<header class=\"entry-header\">\n\t\t<div class=\"entry-taxonomies\">\n\t\t<span class=\"category-links term-links category-style-normal\">\n\t\t\t<a href=\"https:\/\/www.decareu.com\/en\/category\/vijesti\/\" class=\"category-link-vijesti\" rel=\"tag\">Vijesti<\/a>\t\t<\/span>\n\t<\/div><!-- .entry-taxonomies -->\n\t<h2 class=\"entry-title\"><a href=\"https:\/\/www.decareu.com\/en\/regulacija-umjetne-inteligencije-u-eu-split-domacin-strucne-rasprave\/\" rel=\"bookmark\">Regulacija umjetne inteligencije u EU: Split doma\u0107in stru\u010dne rasprave<\/a><\/h2>\t<div class=\"entry-meta entry-meta-divider-dot\">\n\t\t\t\t<span class=\"posted-on\">\n\t\t\t\t<time class=\"entry-date published\" datetime=\"2026-04-04T23:26:56+02:00\">April 4, 2026<\/time><time class=\"updated\" datetime=\"2026-04-04T23:27:56+02:00\">April 4, 2026<\/time>\t\t\t<\/span>\n\t\t\t\t<\/div><!-- .entry-meta -->\n\t<\/header><!-- .entry-header -->\n\t<div class=\"entry-summary\">\n\t\t<p>Pitanje regulatornog okvira za umjetnu inteligenciju u Europskoj uniji postaje sve relevantnije za hrvatski tech sektor. CroAI u suradnji s Ekonomskim fakultetom u Splitu i Split Tech Cityjem organizira panelsku raspravu koja \u0107e ispitati odnos izme\u0111u europskih regulatornih zahtjeva&#8230;<\/p>\n\t<\/div><!-- .entry-summary -->\n\t<footer class=\"entry-footer\">\n\t\t\t<div class=\"entry-actions\">\n\t\t\t<p class=\"more-link-wrap\">\n\t\t\t\t<a href=\"https:\/\/www.decareu.com\/en\/regulacija-umjetne-inteligencije-u-eu-split-domacin-strucne-rasprave\/\" class=\"post-more-link\">\n\t\t\t\t\tVi\u0161e&#8230;<span class=\"screen-reader-text\"> Regulacija umjetne inteligencije u EU: Split doma\u0107in stru\u010dne rasprave<\/span><span class=\"kadence-svg-iconset svg-baseline\"><svg aria-hidden=\"true\" class=\"kadence-svg-icon kadence-arrow-right-alt-svg\" fill=\"currentColor\" version=\"1.1\" xmlns=\"http:\/\/www.w3.org\/2000\/svg\" width=\"27\" height=\"28\" viewBox=\"0 0 27 28\"><title>Continue<\/title><path d=\"M27 13.953c0 0.141-0.063 0.281-0.156 0.375l-6 5.531c-0.156 0.141-0.359 0.172-0.547 0.094-0.172-0.078-0.297-0.25-0.297-0.453v-3.5h-19.5c-0.281 0-0.5-0.219-0.5-0.5v-3c0-0.281 0.219-0.5 0.5-0.5h19.5v-3.5c0-0.203 0.109-0.375 0.297-0.453s0.391-0.047 0.547 0.078l6 5.469c0.094 0.094 0.156 0.219 0.156 0.359v0z\"><\/path>\n\t\t\t<\/svg><\/span>\t\t\t\t<\/a>\n\t\t\t<\/p>\n\t\t<\/div><!-- .entry-actions -->\n\t\t<\/footer><!-- .entry-footer -->\t\t<\/div>\n\t<\/article>\n<\/li>\n<li class=\"kb-post-list-item\">\n\t<article class=\"entry content-bg loop-entry post-756 post type-post status-publish format-standard has-post-thumbnail hentry category-vijesti\">\n\t\t\t\t<a aria-hidden=\"true\" tabindex=\"-1\" role=\"presentation\" class=\"post-thumbnail kadence-thumbnail-ratio-2-3\" href=\"https:\/\/www.decareu.com\/en\/splitski-profesori-upozoravaju-na-pravne-i-drustvene-posljedice-nove-valute\/\" aria-label=\"Splitski profesori upozoravaju na pravne i dru\u0161tvene posljedice nove valute\">\n\t\t\t<div class=\"post-thumbnail-inner\">\n\t\t\t\t<img loading=\"lazy\" decoding=\"async\" width=\"768\" height=\"576\" src=\"https:\/\/www.decareu.com\/wp-content\/uploads\/2026\/03\/digitalni_euro-768x576.webp\" class=\"attachment-medium_large size-medium_large wp-post-image\" alt=\"Splitski profesori upozoravaju na pravne i dru\u0161tvene posljedice nove valute\" srcset=\"https:\/\/www.decareu.com\/wp-content\/uploads\/2026\/03\/digitalni_euro-768x576.webp 768w, https:\/\/www.decareu.com\/wp-content\/uploads\/2026\/03\/digitalni_euro-300x225.webp 300w, https:\/\/www.decareu.com\/wp-content\/uploads\/2026\/03\/digitalni_euro-1024x768.webp 1024w, https:\/\/www.decareu.com\/wp-content\/uploads\/2026\/03\/digitalni_euro-1536x1152.webp 1536w, https:\/\/www.decareu.com\/wp-content\/uploads\/2026\/03\/digitalni_euro-16x12.webp 16w, https:\/\/www.decareu.com\/wp-content\/uploads\/2026\/03\/digitalni_euro.webp 1800w\" sizes=\"auto, (max-width: 768px) 100vw, 768px\" \/>\t\t\t<\/div>\n\t\t<\/a><!-- .post-thumbnail -->\n\t\t\t\t<div class=\"entry-content-wrap\">\n\t\t\t<header class=\"entry-header\">\n\t\t<div class=\"entry-taxonomies\">\n\t\t<span class=\"category-links term-links category-style-normal\">\n\t\t\t<a href=\"https:\/\/www.decareu.com\/en\/category\/vijesti\/\" class=\"category-link-vijesti\" rel=\"tag\">Vijesti<\/a>\t\t<\/span>\n\t<\/div><!-- .entry-taxonomies -->\n\t<h2 class=\"entry-title\"><a href=\"https:\/\/www.decareu.com\/en\/splitski-profesori-upozoravaju-na-pravne-i-drustvene-posljedice-nove-valute\/\" rel=\"bookmark\">Splitski profesori upozoravaju na pravne i dru\u0161tvene posljedice nove valute<\/a><\/h2>\t<div class=\"entry-meta entry-meta-divider-dot\">\n\t\t\t\t<span class=\"posted-on\">\n\t\t\t\t<time class=\"entry-date published\" datetime=\"2026-03-05T23:10:35+01:00\">March 5, 2026<\/time><time class=\"updated\" datetime=\"2026-04-04T23:36:06+02:00\">April 4, 2026<\/time>\t\t\t<\/span>\n\t\t\t\t<\/div><!-- .entry-meta -->\n\t<\/header><!-- .entry-header -->\n\t<div class=\"entry-summary\">\n\t\t<p>Profesori Sveu\u010dili\u0161ta u Splitu, Marko Perku\u0161i\u0107 i \u0160ime Jozipovi\u0107, upozoravaju na pravne i dru\u0161tvene rizike uvo\u0111enja\u00a0digitalnog eura, koji se o\u010dekuje do\u00a02029. godine.<\/p>\n\t<\/div><!-- .entry-summary -->\n\t<footer class=\"entry-footer\">\n\t\t\t<div class=\"entry-actions\">\n\t\t\t<p class=\"more-link-wrap\">\n\t\t\t\t<a href=\"https:\/\/www.decareu.com\/en\/splitski-profesori-upozoravaju-na-pravne-i-drustvene-posljedice-nove-valute\/\" class=\"post-more-link\">\n\t\t\t\t\tVi\u0161e&#8230;<span class=\"screen-reader-text\"> Splitski profesori upozoravaju na pravne i dru\u0161tvene posljedice nove valute<\/span><span class=\"kadence-svg-iconset svg-baseline\"><svg aria-hidden=\"true\" class=\"kadence-svg-icon kadence-arrow-right-alt-svg\" fill=\"currentColor\" version=\"1.1\" xmlns=\"http:\/\/www.w3.org\/2000\/svg\" width=\"27\" height=\"28\" viewBox=\"0 0 27 28\"><title>Continue<\/title><path d=\"M27 13.953c0 0.141-0.063 0.281-0.156 0.375l-6 5.531c-0.156 0.141-0.359 0.172-0.547 0.094-0.172-0.078-0.297-0.25-0.297-0.453v-3.5h-19.5c-0.281 0-0.5-0.219-0.5-0.5v-3c0-0.281 0.219-0.5 0.5-0.5h19.5v-3.5c0-0.203 0.109-0.375 0.297-0.453s0.391-0.047 0.547 0.078l6 5.469c0.094 0.094 0.156 0.219 0.156 0.359v0z\"><\/path>\n\t\t\t<\/svg><\/span>\t\t\t\t<\/a>\n\t\t\t<\/p>\n\t\t<\/div><!-- .entry-actions -->\n\t\t<\/footer><!-- .entry-footer -->\t\t<\/div>\n\t<\/article>\n<\/li>\n<li class=\"kb-post-list-item\">\n\t<article class=\"entry content-bg loop-entry post-733 post type-post status-publish format-standard has-post-thumbnail hentry category-vijesti\">\n\t\t\t\t<a aria-hidden=\"true\" tabindex=\"-1\" role=\"presentation\" class=\"post-thumbnail kadence-thumbnail-ratio-2-3\" href=\"https:\/\/www.decareu.com\/en\/digitalni-euro-stize-strucnjaci-upozoravaju-na-pitanje-privatnosti-i-nadzora\/\" aria-label=\"Digitalni Euro sti\u017ee: Stru\u010dnjaci upozoravaju na pitanje privatnosti i nadzora\">\n\t\t\t<div class=\"post-thumbnail-inner\">\n\t\t\t\t<img loading=\"lazy\" decoding=\"async\" width=\"768\" height=\"401\" src=\"https:\/\/www.decareu.com\/wp-content\/uploads\/2026\/02\/marko_sime-e1771079943670-768x401.webp\" class=\"attachment-medium_large size-medium_large wp-post-image\" alt=\"Digitalni Euro sti\u017ee: Stru\u010dnjaci upozoravaju na pitanje privatnosti i nadzora\" srcset=\"https:\/\/www.decareu.com\/wp-content\/uploads\/2026\/02\/marko_sime-e1771079943670-768x401.webp 768w, https:\/\/www.decareu.com\/wp-content\/uploads\/2026\/02\/marko_sime-e1771079943670-300x156.webp 300w, https:\/\/www.decareu.com\/wp-content\/uploads\/2026\/02\/marko_sime-e1771079943670-18x9.webp 18w, https:\/\/www.decareu.com\/wp-content\/uploads\/2026\/02\/marko_sime-e1771079943670.webp 1024w\" sizes=\"auto, (max-width: 768px) 100vw, 768px\" \/>\t\t\t<\/div>\n\t\t<\/a><!-- .post-thumbnail -->\n\t\t\t\t<div class=\"entry-content-wrap\">\n\t\t\t<header class=\"entry-header\">\n\t\t<div class=\"entry-taxonomies\">\n\t\t<span class=\"category-links term-links category-style-normal\">\n\t\t\t<a href=\"https:\/\/www.decareu.com\/en\/category\/vijesti\/\" class=\"category-link-vijesti\" rel=\"tag\">Vijesti<\/a>\t\t<\/span>\n\t<\/div><!-- .entry-taxonomies -->\n\t<h2 class=\"entry-title\"><a href=\"https:\/\/www.decareu.com\/en\/digitalni-euro-stize-strucnjaci-upozoravaju-na-pitanje-privatnosti-i-nadzora\/\" rel=\"bookmark\">Digitalni Euro sti\u017ee: Stru\u010dnjaci upozoravaju na pitanje privatnosti i nadzora<\/a><\/h2>\t<div class=\"entry-meta entry-meta-divider-dot\">\n\t\t\t\t<span class=\"posted-on\">\n\t\t\t\t<time class=\"entry-date published updated\" datetime=\"2026-02-14T15:43:04+01:00\">February 14, 2026<\/time>\t\t\t<\/span>\n\t\t\t\t<\/div><!-- .entry-meta -->\n\t<\/header><!-- .entry-header -->\n\t<div class=\"entry-summary\">\n\t\t<p>Europska unija ubrzano radi na uvo\u0111enju digitalnog eura, novog oblika slu\u017ebenog novca koji bi mogao zna\u010dajno promijeniti na\u010din na koji gra\u0111ani pla\u0107aju i \u0161tede.<\/p>\n\t<\/div><!-- .entry-summary -->\n\t<footer class=\"entry-footer\">\n\t\t\t<div class=\"entry-actions\">\n\t\t\t<p class=\"more-link-wrap\">\n\t\t\t\t<a href=\"https:\/\/www.decareu.com\/en\/digitalni-euro-stize-strucnjaci-upozoravaju-na-pitanje-privatnosti-i-nadzora\/\" class=\"post-more-link\">\n\t\t\t\t\tVi\u0161e&#8230;<span class=\"screen-reader-text\"> Digitalni Euro sti\u017ee: Stru\u010dnjaci upozoravaju na pitanje privatnosti i nadzora<\/span><span class=\"kadence-svg-iconset svg-baseline\"><svg aria-hidden=\"true\" class=\"kadence-svg-icon kadence-arrow-right-alt-svg\" fill=\"currentColor\" version=\"1.1\" xmlns=\"http:\/\/www.w3.org\/2000\/svg\" width=\"27\" height=\"28\" viewBox=\"0 0 27 28\"><title>Continue<\/title><path d=\"M27 13.953c0 0.141-0.063 0.281-0.156 0.375l-6 5.531c-0.156 0.141-0.359 0.172-0.547 0.094-0.172-0.078-0.297-0.25-0.297-0.453v-3.5h-19.5c-0.281 0-0.5-0.219-0.5-0.5v-3c0-0.281 0.219-0.5 0.5-0.5h19.5v-3.5c0-0.203 0.109-0.375 0.297-0.453s0.391-0.047 0.547 0.078l6 5.469c0.094 0.094 0.156 0.219 0.156 0.359v0z\"><\/path>\n\t\t\t<\/svg><\/span>\t\t\t\t<\/a>\n\t\t\t<\/p>\n\t\t<\/div><!-- .entry-actions -->\n\t\t<\/footer><!-- .entry-footer -->\t\t<\/div>\n\t<\/article>\n<\/li>\n<\/ul><\/div><\/div>\n\n<\/div><\/div>","protected":false},"excerpt":{"rendered":"<p>Doga\u0111aji Najvnovije vijesti i doga\u0111aji<\/p>","protected":false},"author":1,"featured_media":0,"parent":0,"menu_order":0,"comment_status":"closed","ping_status":"closed","template":"","meta":{"_kadence_starter_templates_imported_post":false,"_kad_post_transparent":"","_kad_post_title":"","_kad_post_layout":"","_kad_post_sidebar_id":"","_kad_post_content_style":"","_kad_post_vertical_padding":"","_kad_post_feature":"","_kad_post_feature_position":"","_kad_post_header":false,"_kad_post_footer":false,"_kad_post_classname":"","footnotes":""},"class_list":["post-526","page","type-page","status-publish","hentry"],"_links":{"self":[{"href":"https:\/\/www.decareu.com\/en\/wp-json\/wp\/v2\/pages\/526","targetHints":{"allow":["GET"]}}],"collection":[{"href":"https:\/\/www.decareu.com\/en\/wp-json\/wp\/v2\/pages"}],"about":[{"href":"https:\/\/www.decareu.com\/en\/wp-json\/wp\/v2\/types\/page"}],"author":[{"embeddable":true,"href":"https:\/\/www.decareu.com\/en\/wp-json\/wp\/v2\/users\/1"}],"replies":[{"embeddable":true,"href":"https:\/\/www.decareu.com\/en\/wp-json\/wp\/v2\/comments?post=526"}],"version-history":[{"count":7,"href":"https:\/\/www.decareu.com\/en\/wp-json\/wp\/v2\/pages\/526\/revisions"}],"predecessor-version":[{"id":747,"href":"https:\/\/www.decareu.com\/en\/wp-json\/wp\/v2\/pages\/526\/revisions\/747"}],"wp:attachment":[{"href":"https:\/\/www.decareu.com\/en\/wp-json\/wp\/v2\/media?parent=526"}],"curies":[{"name":"wp","href":"https:\/\/api.w.org\/{rel}","templated":true}]}}