{"id":532,"date":"2025-12-21T11:50:13","date_gmt":"2025-12-21T10:50:13","guid":{"rendered":"http:\/\/jm-modul.local\/?page_id=532"},"modified":"2026-01-31T14:02:01","modified_gmt":"2026-01-31T13:02:01","slug":"o-nama","status":"publish","type":"page","link":"https:\/\/www.decareu.com\/en\/o-nama\/","title":{"rendered":"About"},"content":{"rendered":"<style>.kb-row-layout-id532_5ecf5f-c5 > .kt-row-column-wrap{align-content:start;}:where(.kb-row-layout-id532_5ecf5f-c5 > .kt-row-column-wrap) > .wp-block-kadence-column{justify-content:start;}.kb-row-layout-id532_5ecf5f-c5 > .kt-row-column-wrap{column-gap:var(--global-kb-gap-md, 2rem);row-gap:var(--global-kb-gap-md, 2rem);max-width:var( --global-content-width, 1290px );padding-left:var(--global-content-edge-padding);padding-right:var(--global-content-edge-padding);padding-top:150px;padding-bottom:60px;grid-template-columns:minmax(0, 1fr);}.kb-row-layout-id532_5ecf5f-c5{background-image:url('https:\/\/www.decareu.com\/wp-content\/uploads\/2021\/11\/dot-grid.jpg');background-size:auto;background-position:center center;background-attachment:scroll;background-repeat:repeat;}.kb-row-layout-id532_5ecf5f-c5 > .kt-row-layout-overlay{opacity:1;background:linear-gradient(112deg, var(--global-palette1) 0%, var(--global-palette2) 100%);mix-blend-mode:multiply;}@media all and (max-width: 1024px){.kb-row-layout-id532_5ecf5f-c5 > .kt-row-column-wrap{grid-template-columns:minmax(0, 1fr);}}@media all and (max-width: 767px){.kb-row-layout-id532_5ecf5f-c5 > .kt-row-column-wrap{padding-top:var(--global-kb-spacing-lg, 3rem);grid-template-columns:minmax(0, 1fr);}}<\/style><div class=\"kb-row-layout-wrap kb-row-layout-id532_5ecf5f-c5 alignnone kt-row-has-bg wp-block-kadence-rowlayout\"><div class=\"kt-row-layout-overlay kt-row-overlay-gradient\"><\/div><div class=\"kt-row-column-wrap kt-has-1-columns kt-row-layout-equal kt-tab-layout-inherit kt-mobile-layout-row kt-row-valign-top kb-theme-content-width\">\n<style>.kadence-column532_2257ca-37 > .kt-inside-inner-col,.kadence-column532_2257ca-37 > .kt-inside-inner-col:before{border-top-left-radius:0px;border-top-right-radius:0px;border-bottom-right-radius:0px;border-bottom-left-radius:0px;}.kadence-column532_2257ca-37 > .kt-inside-inner-col{column-gap:var(--global-kb-gap-sm, 1rem);}.kadence-column532_2257ca-37 > .kt-inside-inner-col{flex-direction:column;}.kadence-column532_2257ca-37 > .kt-inside-inner-col > .aligncenter{width:100%;}.kadence-column532_2257ca-37 > .kt-inside-inner-col:before{opacity:0.3;}.kadence-column532_2257ca-37{position:relative;}@media all and (max-width: 1024px){.kadence-column532_2257ca-37 > .kt-inside-inner-col{flex-direction:column;justify-content:center;}}@media all and (max-width: 767px){.kadence-column532_2257ca-37 > .kt-inside-inner-col{flex-direction:column;justify-content:center;}}<\/style>\n<div class=\"wp-block-kadence-column kadence-column532_2257ca-37 inner-column-1\"><div class=\"kt-inside-inner-col\"><style>.wp-block-kadence-advancedheading.kt-adv-heading532_89cfd6-ff, .wp-block-kadence-advancedheading.kt-adv-heading532_89cfd6-ff[data-kb-block=\"kb-adv-heading532_89cfd6-ff\"]{text-align:left;font-style:normal;text-transform:uppercase;}.wp-block-kadence-advancedheading.kt-adv-heading532_89cfd6-ff mark.kt-highlight, .wp-block-kadence-advancedheading.kt-adv-heading532_89cfd6-ff[data-kb-block=\"kb-adv-heading532_89cfd6-ff\"] mark.kt-highlight{font-style:normal;color:#f76a0c;-webkit-box-decoration-break:clone;box-decoration-break:clone;padding-top:0px;padding-right:0px;padding-bottom:0px;padding-left:0px;}.wp-block-kadence-advancedheading.kt-adv-heading532_89cfd6-ff img.kb-inline-image, .wp-block-kadence-advancedheading.kt-adv-heading532_89cfd6-ff[data-kb-block=\"kb-adv-heading532_89cfd6-ff\"] img.kb-inline-image{width:150px;vertical-align:baseline;}<\/style>\n<h2 class=\"kt-adv-heading532_89cfd6-ff wp-block-kadence-advancedheading has-theme-palette-9-color has-text-color\" data-kb-block=\"kb-adv-heading532_89cfd6-ff\">ERASMUS+ i Jean Monnet MODUL<\/h2>\n\n\n<style>.wp-block-kadence-advancedheading.kt-adv-heading532_eb6832-63, .wp-block-kadence-advancedheading.kt-adv-heading532_eb6832-63[data-kb-block=\"kb-adv-heading532_eb6832-63\"]{font-style:normal;}.wp-block-kadence-advancedheading.kt-adv-heading532_eb6832-63 mark.kt-highlight, .wp-block-kadence-advancedheading.kt-adv-heading532_eb6832-63[data-kb-block=\"kb-adv-heading532_eb6832-63\"] mark.kt-highlight{font-style:normal;color:#f76a0c;-webkit-box-decoration-break:clone;box-decoration-break:clone;padding-top:0px;padding-right:0px;padding-bottom:0px;padding-left:0px;}.wp-block-kadence-advancedheading.kt-adv-heading532_eb6832-63 img.kb-inline-image, .wp-block-kadence-advancedheading.kt-adv-heading532_eb6832-63[data-kb-block=\"kb-adv-heading532_eb6832-63\"] img.kb-inline-image{width:150px;vertical-align:baseline;}<\/style>\n<p class=\"kt-adv-heading532_eb6832-63 wp-block-kadence-advancedheading has-theme-palette-9-color has-text-color\" data-kb-block=\"kb-adv-heading532_eb6832-63\">Znanstvena izvrsnost i edukacija o Europskoj Uniji financija i forenzi\u010dkih znanosti.<\/p>\n<\/div><\/div>\n\n<\/div><\/div>\n\n<style>.kb-row-layout-id532_7d4a55-2c > .kt-row-column-wrap{align-content:start;}:where(.kb-row-layout-id532_7d4a55-2c > .kt-row-column-wrap) > .wp-block-kadence-column{justify-content:start;}.kb-row-layout-id532_7d4a55-2c > .kt-row-column-wrap{column-gap:var(--global-kb-gap-md, 2rem);row-gap:var(--global-kb-gap-md, 2rem);max-width:var( --global-content-width, 1290px );padding-left:var(--global-content-edge-padding);padding-right:var(--global-content-edge-padding);padding-top:80px;padding-bottom:60px;grid-template-columns:minmax(0, 1fr);}.kb-row-layout-id532_7d4a55-2c > .kt-row-layout-overlay{opacity:0.30;}@media all and (max-width: 1024px){.kb-row-layout-id532_7d4a55-2c > .kt-row-column-wrap{grid-template-columns:minmax(0, 1fr);}}@media all and (max-width: 767px){.kb-row-layout-id532_7d4a55-2c > .kt-row-column-wrap{grid-template-columns:minmax(0, 1fr);}}<\/style><div class=\"kb-row-layout-wrap kb-row-layout-id532_7d4a55-2c alignnone wp-block-kadence-rowlayout\"><div class=\"kt-row-column-wrap kt-has-1-columns kt-row-layout-equal kt-tab-layout-inherit kt-mobile-layout-row kt-row-valign-top kb-theme-content-width\">\n<style>.kadence-column532_37e3ca-27 > .kt-inside-inner-col,.kadence-column532_37e3ca-27 > .kt-inside-inner-col:before{border-top-left-radius:0px;border-top-right-radius:0px;border-bottom-right-radius:0px;border-bottom-left-radius:0px;}.kadence-column532_37e3ca-27 > .kt-inside-inner-col{column-gap:var(--global-kb-gap-sm, 1rem);}.kadence-column532_37e3ca-27 > .kt-inside-inner-col{flex-direction:column;}.kadence-column532_37e3ca-27 > .kt-inside-inner-col > .aligncenter{width:100%;}.kadence-column532_37e3ca-27 > .kt-inside-inner-col:before{opacity:0.3;}.kadence-column532_37e3ca-27{position:relative;}@media all and (max-width: 1024px){.kadence-column532_37e3ca-27 > .kt-inside-inner-col{flex-direction:column;justify-content:center;}}@media all and (max-width: 767px){.kadence-column532_37e3ca-27 > .kt-inside-inner-col{flex-direction:column;justify-content:center;}}<\/style>\n<div class=\"wp-block-kadence-column kadence-column532_37e3ca-27\"><div class=\"kt-inside-inner-col\">\n<hr class=\"wp-block-separator has-css-opacity is-style-default\"\/>\n\n\n<div class=\"wp-block-image is-style-rounded\">\n<figure class=\"aligncenter size-large is-resized\"><img loading=\"lazy\" decoding=\"async\" width=\"739\" height=\"1024\" src=\"https:\/\/www.decareu.com\/wp-content\/uploads\/2025\/12\/1200px-Jean_Monnet-739x1024.jpg\" alt=\"\" class=\"wp-image-539\" style=\"aspect-ratio:1;object-fit:cover;width:82px;height:auto\" srcset=\"https:\/\/www.decareu.com\/wp-content\/uploads\/2025\/12\/1200px-Jean_Monnet-739x1024.jpg 739w, https:\/\/www.decareu.com\/wp-content\/uploads\/2025\/12\/1200px-Jean_Monnet-216x300.jpg 216w, https:\/\/www.decareu.com\/wp-content\/uploads\/2025\/12\/1200px-Jean_Monnet-768x1064.jpg 768w, https:\/\/www.decareu.com\/wp-content\/uploads\/2025\/12\/1200px-Jean_Monnet-1108x1536.jpg 1108w, https:\/\/www.decareu.com\/wp-content\/uploads\/2025\/12\/1200px-Jean_Monnet.jpg 1200w\" sizes=\"auto, (max-width: 739px) 100vw, 739px\" \/><\/figure>\n<\/div>\n\n\n<blockquote class=\"wp-block-quote has-text-align-center is-style-large is-layout-flow wp-block-quote-is-layout-flow\">\n<p>&#8220;Make men work together show them that beyond their differences and geographical boundaries there lies a common interest.&#8221;<\/p>\n<cite>\u2013 Jean Monnet, utemeljitelj<\/cite><\/blockquote>\n\n\n\n<hr class=\"wp-block-separator has-css-opacity is-style-default\"\/>\n<\/div><\/div>\n\n\n<style>.kadence-column532_f2632d-03 > .kt-inside-inner-col,.kadence-column532_f2632d-03 > .kt-inside-inner-col:before{border-top-left-radius:0px;border-top-right-radius:0px;border-bottom-right-radius:0px;border-bottom-left-radius:0px;}.kadence-column532_f2632d-03 > .kt-inside-inner-col{column-gap:var(--global-kb-gap-sm, 1rem);}.kadence-column532_f2632d-03 > .kt-inside-inner-col{flex-direction:column;}.kadence-column532_f2632d-03 > .kt-inside-inner-col > .aligncenter{width:100%;}.kadence-column532_f2632d-03 > .kt-inside-inner-col:before{opacity:0.3;}.kadence-column532_f2632d-03{position:relative;}@media all and (max-width: 1024px){.kadence-column532_f2632d-03 > .kt-inside-inner-col{flex-direction:column;justify-content:center;}}@media all and (max-width: 767px){.kadence-column532_f2632d-03 > .kt-inside-inner-col{flex-direction:column;justify-content:center;}}<\/style>\n<div class=\"wp-block-kadence-column kadence-column532_f2632d-03\"><div class=\"kt-inside-inner-col\">\n<p>Digitalni euro i regulacija kriptoimovine u Europskoj uniji (DECAR:EU) Jean Monnet je modul posve\u0107en prou\u010davanju prava EU-a koje ure\u0111uje digitalne financije, platni promet i nove financijske tehnologije. Modul je usmjeren na pravni okvir digitalnog eura i kriptoimovine, s posebnim naglaskom na regulaciju, nadzor i sprje\u010davanje zlouporaba unutar europskog financijskog sustava.<\/p>\n\n\n\n<p><br>DECAR:EU spaja naprednu nastavu s primijenjenim istra\u017eivanjima i dijalogom o javnim politikama. Namijenjen je studentima sa solidnim predznanjem iz prava i financija, kojima nudi strukturiran i prakti\u010dno usmjeren uvid u europsko platno pravo, regulaciju kriptoimovine te funkcioniranje financijskog i bankarskog sustava EU-a. Kroz dva specijalizirana kolegija studenti stje\u010du dubinsko razumijevanje na\u010dina na koji ugovorni odnosi, platni mehanizmi i digitalni financijski instrumenti djeluju u okviru prava EU-a.<\/p>\n\n\n\n<p><br>Osim nastavne komponente, modul aktivno povezuje akademsku zajednicu s praksom. Kroz niz hibridnih okruglih stolova na kojima sudjeluju pravni stru\u010dnjaci, suci, regulatori i bankarski eksperti, DECAR:EU se bavi stvarnim izazovima poput implementacije digitalnog eura, otkrivanja nezakonitih aktivnosti u digitalnom platnom prometu te regulacije pametnih ugovora i automatiziranih platnih sustava.<br>Modul dodatno osna\u017euje istra\u017eiva\u010dka komponenta usmjerena na izradu visokokvalitetnih akademskih radova, uklju\u010duju\u0107i knjigu o implementaciji digitalnog eura i vi\u0161e znanstvenih \u010dlanaka o regulaciji digitalne financijske imovine.<\/p>\n\n\n\n<p><br>Integriraju\u0107i obrazovanje, istra\u017eivanje i raspravu o javnim politikama, DECAR:EU pridonosi informiranoj debati o budu\u0107nosti digitalnih financija u Europskoj uniji te sudionicima pru\u017ea znanja potrebna za snala\u017eenje i oblikovanje ovog podru\u010dja koje se ubrzano razvija.<\/p>\n<\/div><\/div>\n\n\n<style>.kadence-column532_8bc79c-ad > .kt-inside-inner-col{padding-top:var(--global-kb-spacing-sm, 1.5rem);padding-bottom:var(--global-kb-spacing-sm, 1.5rem);padding-left:var(--global-kb-spacing-sm, 1.5rem);}.kadence-column532_8bc79c-ad > .kt-inside-inner-col{border-left:4px solid var(--global-palette12, #3182CE);}.kadence-column532_8bc79c-ad > .kt-inside-inner-col,.kadence-column532_8bc79c-ad > .kt-inside-inner-col:before{border-top-left-radius:0px;border-top-right-radius:0px;border-bottom-right-radius:0px;border-bottom-left-radius:0px;}.kadence-column532_8bc79c-ad > .kt-inside-inner-col{column-gap:var(--global-kb-gap-sm, 1rem);}.kadence-column532_8bc79c-ad > .kt-inside-inner-col{flex-direction:column;}.kadence-column532_8bc79c-ad > .kt-inside-inner-col > .aligncenter{width:100%;}.kadence-column532_8bc79c-ad > .kt-inside-inner-col:before{opacity:0.3;}.kadence-column532_8bc79c-ad{position:relative;}.kadence-column532_8bc79c-ad, .kt-inside-inner-col > .kadence-column532_8bc79c-ad:not(.specificity){margin-top:var(--global-kb-spacing-sm, 1.5rem);}@media all and (max-width: 1024px){.kadence-column532_8bc79c-ad > .kt-inside-inner-col{border-left:4px solid var(--global-palette12, #3182CE);flex-direction:column;justify-content:center;}}@media all and (max-width: 767px){.kadence-column532_8bc79c-ad > .kt-inside-inner-col{border-left:4px solid var(--global-palette12, #3182CE);flex-direction:column;justify-content:center;}}<\/style>\n<div class=\"wp-block-kadence-column kadence-column532_8bc79c-ad\"><div class=\"kt-inside-inner-col\"><style>.wp-block-kadence-advancedheading.kt-adv-heading532_176b4a-a2, .wp-block-kadence-advancedheading.kt-adv-heading532_176b4a-a2[data-kb-block=\"kb-adv-heading532_176b4a-a2\"]{font-style:normal;}.wp-block-kadence-advancedheading.kt-adv-heading532_176b4a-a2 mark.kt-highlight, .wp-block-kadence-advancedheading.kt-adv-heading532_176b4a-a2[data-kb-block=\"kb-adv-heading532_176b4a-a2\"] mark.kt-highlight{font-style:normal;color:#f76a0c;-webkit-box-decoration-break:clone;box-decoration-break:clone;padding-top:0px;padding-right:0px;padding-bottom:0px;padding-left:0px;}.wp-block-kadence-advancedheading.kt-adv-heading532_176b4a-a2 img.kb-inline-image, .wp-block-kadence-advancedheading.kt-adv-heading532_176b4a-a2[data-kb-block=\"kb-adv-heading532_176b4a-a2\"] img.kb-inline-image{width:150px;vertical-align:baseline;}<\/style>\n<h3 class=\"kt-adv-heading532_176b4a-a2 wp-block-kadence-advancedheading has-theme-palette-4-color has-text-color\" data-kb-block=\"kb-adv-heading532_176b4a-a2\">JEAN MONNET<br>INTERNATIONAL<\/h3>\n\n\n<style>.wp-block-kadence-advancedheading.kt-adv-heading532_40fcaa-c7, .wp-block-kadence-advancedheading.kt-adv-heading532_40fcaa-c7[data-kb-block=\"kb-adv-heading532_40fcaa-c7\"]{font-style:normal;}.wp-block-kadence-advancedheading.kt-adv-heading532_40fcaa-c7 mark.kt-highlight, .wp-block-kadence-advancedheading.kt-adv-heading532_40fcaa-c7[data-kb-block=\"kb-adv-heading532_40fcaa-c7\"] mark.kt-highlight{font-style:normal;color:#f76a0c;-webkit-box-decoration-break:clone;box-decoration-break:clone;padding-top:0px;padding-right:0px;padding-bottom:0px;padding-left:0px;}.wp-block-kadence-advancedheading.kt-adv-heading532_40fcaa-c7 img.kb-inline-image, .wp-block-kadence-advancedheading.kt-adv-heading532_40fcaa-c7[data-kb-block=\"kb-adv-heading532_40fcaa-c7\"] img.kb-inline-image{width:150px;vertical-align:baseline;}<\/style>\n<p class=\"kt-adv-heading532_40fcaa-c7 wp-block-kadence-advancedheading\" data-kb-block=\"kb-adv-heading532_40fcaa-c7\">Katedre Jean Monnet osmi\u0161ljene su za usavr\u0161avanje pou\u010davanja u studijima o EU-u.<\/p>\n\n\n<style>.wp-block-kadence-advancedbtn.kb-btns532_030140-93{gap:var(--global-kb-gap-xs, 0.5rem );justify-content:flex-start;align-items:center;}.kt-btns532_030140-93 .kt-button{font-weight:normal;font-style:normal;}.kt-btns532_030140-93 .kt-btn-wrap-0{margin-right:5px;}.wp-block-kadence-advancedbtn.kt-btns532_030140-93 .kt-btn-wrap-0 .kt-button{color:#555555;border-color:#555555;}.wp-block-kadence-advancedbtn.kt-btns532_030140-93 .kt-btn-wrap-0 .kt-button:hover, .wp-block-kadence-advancedbtn.kt-btns532_030140-93 .kt-btn-wrap-0 .kt-button:focus{color:#ffffff;border-color:#444444;}.wp-block-kadence-advancedbtn.kt-btns532_030140-93 .kt-btn-wrap-0 .kt-button::before{display:none;}.wp-block-kadence-advancedbtn.kt-btns532_030140-93 .kt-btn-wrap-0 .kt-button:hover, .wp-block-kadence-advancedbtn.kt-btns532_030140-93 .kt-btn-wrap-0 .kt-button:focus{background:#444444;}<\/style>\n<div class=\"wp-block-kadence-advancedbtn kb-buttons-wrap kb-btns532_030140-93\"><style>ul.menu .wp-block-kadence-advancedbtn .kb-btn532_ce6e6b-10.kb-button{width:initial;}<\/style><a class=\"kb-button kt-button button kb-btn532_ce6e6b-10 kt-btn-size-small kt-btn-width-type-auto kb-btn-global-inherit  kt-btn-has-text-true kt-btn-has-svg-false  wp-block-button__link wp-block-kadence-singlebtn\" href=\"https:\/\/erasmus-plus.ec.europa.eu\/hr\/opportunities\/opportunities-for-organisations\/jean-monnet-actions\/chairs\"><span class=\"kt-btn-inner-text\">Vi\u0161e<\/span><\/a><\/div>\n<\/div><\/div>\n\n<\/div><\/div>","protected":false},"excerpt":{"rendered":"<p>ERASMUS+ i Jean Monnet MODUL Znanstvena izvrsnost i edukacija o Europskoj Uniji financija i forenzi\u010dkih znanosti. &#8220;Make men work together show them that beyond their differences and geographical boundaries there lies a common interest.&#8221; Digitalni euro i regulacija kriptoimovine u Europskoj uniji (DECAR:EU) Jean Monnet je modul posve\u0107en prou\u010davanju prava EU-a koje ure\u0111uje digitalne financije,&#8230;<\/p>","protected":false},"author":1,"featured_media":0,"parent":0,"menu_order":0,"comment_status":"closed","ping_status":"closed","template":"","meta":{"_kadence_starter_templates_imported_post":false,"_kad_post_transparent":"","_kad_post_title":"","_kad_post_layout":"","_kad_post_sidebar_id":"","_kad_post_content_style":"","_kad_post_vertical_padding":"","_kad_post_feature":"","_kad_post_feature_position":"","_kad_post_header":false,"_kad_post_footer":false,"_kad_post_classname":"","footnotes":""},"class_list":["post-532","page","type-page","status-publish","hentry"],"_links":{"self":[{"href":"https:\/\/www.decareu.com\/en\/wp-json\/wp\/v2\/pages\/532","targetHints":{"allow":["GET"]}}],"collection":[{"href":"https:\/\/www.decareu.com\/en\/wp-json\/wp\/v2\/pages"}],"about":[{"href":"https:\/\/www.decareu.com\/en\/wp-json\/wp\/v2\/types\/page"}],"author":[{"embeddable":true,"href":"https:\/\/www.decareu.com\/en\/wp-json\/wp\/v2\/users\/1"}],"replies":[{"embeddable":true,"href":"https:\/\/www.decareu.com\/en\/wp-json\/wp\/v2\/comments?post=532"}],"version-history":[{"count":15,"href":"https:\/\/www.decareu.com\/en\/wp-json\/wp\/v2\/pages\/532\/revisions"}],"predecessor-version":[{"id":726,"href":"https:\/\/www.decareu.com\/en\/wp-json\/wp\/v2\/pages\/532\/revisions\/726"}],"wp:attachment":[{"href":"https:\/\/www.decareu.com\/en\/wp-json\/wp\/v2\/media?parent=532"}],"curies":[{"name":"wp","href":"https:\/\/api.w.org\/{rel}","templated":true}]}}